{"id":11201,"date":"2022-04-01T09:48:59","date_gmt":"2022-04-01T09:48:59","guid":{"rendered":"https:\/\/vanha.saagatravel.fi\/?page_id=11201"},"modified":"2022-04-05T06:39:56","modified_gmt":"2022-04-05T06:39:56","slug":"kansainvalistymishanke","status":"publish","type":"page","link":"https:\/\/vanha.saagatravel.fi\/?page_id=11201","title":{"rendered":"Kansainv\u00e4listymishanke"},"content":{"rendered":"<p>[et_pb_section fb_built=&#8221;1&#8243; fullwidth=&#8221;on&#8221; _builder_version=&#8221;4.4.2&#8243;][et_pb_fullwidth_header _builder_version=&#8221;4.4.2&#8243; title_font_size=&#8221;49px&#8221; background_enable_color=&#8221;off&#8221; background_image=&#8221;https:\/\/vanha.saagatravel.fi\/wp-content\/uploads\/2019\/11\/saagatravel-15-of-29.jpg&#8221; custom_padding=&#8221;320px||||false|false&#8221; title_font_size_tablet=&#8221;&#8221; title_font_size_phone=&#8221;45px&#8221; title_font_size_last_edited=&#8221;on|phone&#8221;]<\/p>\n<h1 style=\"text-align: center;\"><strong><\/strong><\/h1>\n<h1 style=\"text-align: center;\"><strong><\/strong><\/h1>\n<h1 style=\"text-align: center;\"><strong><\/strong><\/h1>\n<h1 style=\"text-align: center;\"><strong>Kansainv\u00e4listymishanke<\/strong><\/h1>\n<p>[\/et_pb_fullwidth_header][\/et_pb_section][et_pb_section fb_built=&#8221;1&#8243; admin_label=&#8221;section&#8221; _builder_version=&#8221;4.4.2&#8243; custom_padding=&#8221;0px||||false|false&#8221;][et_pb_row admin_label=&#8221;row&#8221; _builder_version=&#8221;3.25&#8243; background_size=&#8221;initial&#8221; background_position=&#8221;top_left&#8221; background_repeat=&#8221;repeat&#8221;][et_pb_column type=&#8221;4_4&#8243; _builder_version=&#8221;3.25&#8243; custom_padding=&#8221;|||&#8221; custom_padding__hover=&#8221;|||&#8221;][et_pb_text admin_label=&#8221;Text&#8221; _builder_version=&#8221;4.9.4&#8243; background_size=&#8221;initial&#8221; background_position=&#8221;top_left&#8221; background_repeat=&#8221;repeat&#8221; hover_enabled=&#8221;0&#8243; sticky_enabled=&#8221;0&#8243;]<\/p>\n<h1><img loading=\"lazy\" decoding=\"async\" src=\"https:\/\/vanha.saagatravel.fi\/wp-content\/uploads\/2022\/04\/Vipuvoima-EAKR-ESR.jpg\" width=\"451\" height=\"168\" alt=\"\" class=\"wp-image-11204 aligncenter size-full\" \/><\/h1>\n<h1>Saaga Travel Oy:n hanke:<\/h1>\n<h2>Kokonaisvaltaiset matkapaketit &#8211; kansainv\u00e4listymistoimenpiteet<\/h2>\n<p>Hankkeen tavoitteena on luoda valmiudet Saaga Travelin kansainv\u00e4liseen liiketoimintaan ja viennin k\u00e4ynnist\u00e4miseen etenkin Eurooppaan.<\/p>\n<p>Saaga Travel Oy toteuttaa hankkeessa kansainv\u00e4listymiseen liittyvi\u00e4 selvityksi\u00e4 ja toimenpiteit\u00e4. Hankkeessa toteutetaan markkinaselvityksi\u00e4, kokonaisvaltainen yrityksen toimintojen digitalisaatioselvitys\u00a0 sek\u00e4 verkkosivujen ja verkkokaupan konseptointiselvitys. Kansainv\u00e4listymiseen liittyvi\u00e4 teht\u00e4vi\u00e4 hoitamaan palkataan kansainv\u00e4listymisasiantuntija, jonka teht\u00e4v\u00e4n\u00e4 on rakentaa yrityksen\u00a0 kansainv\u00e4list\u00e4 yhteisty\u00f6kumppaniverkostoa sek\u00e4 kehitt\u00e4\u00e4 kokonaisvaltaisia matkapakettikokonaisuuksia.<\/p>\n<p>Hanke on saanut avustusta Pohjois-Pohjanmaan ELY-keskukselta \/ Euroopan Aluekehitysrahastosta. Hankkeelle my\u00f6nnetyn yrityksen kehitt\u00e4misavustuksen m\u00e4\u00e4r\u00e4 on 47.730 euroa.<\/p>\n<p>Hankkeen toteutusaika on 1.2.2021 \u2013 30.6.2022.<\/p>\n<p>Lis\u00e4tietoja:<\/p>\n<p>Liiketoimintajohtaja Pekka Kimpim\u00e4ki, 040 652 1065<\/p>\n<p>&nbsp;<\/p>\n<p>[\/et_pb_text][\/et_pb_column][\/et_pb_row][\/et_pb_section]<\/p>\n","protected":false},"excerpt":{"rendered":"<p>Kansainv\u00e4listymishanke Saaga Travel Oy:n hanke: Kokonaisvaltaiset matkapaketit &#8211; kansainv\u00e4listymistoimenpiteet Hankkeen tavoitteena on luoda valmiudet Saaga Travelin kansainv\u00e4liseen liiketoimintaan ja viennin k\u00e4ynnist\u00e4miseen etenkin Eurooppaan. Saaga Travel Oy toteuttaa hankkeessa kansainv\u00e4listymiseen liittyvi\u00e4 selvityksi\u00e4 ja toimenpiteit\u00e4. Hankkeessa toteutetaan markkinaselvityksi\u00e4, kokonaisvaltainen yrityksen toimintojen digitalisaatioselvitys\u00a0 sek\u00e4 verkkosivujen ja verkkokaupan konseptointiselvitys. Kansainv\u00e4listymiseen liittyvi\u00e4 teht\u00e4vi\u00e4 hoitamaan palkataan kansainv\u00e4listymisasiantuntija, jonka teht\u00e4v\u00e4n\u00e4 on rakentaa [&hellip;]<\/p>\n","protected":false},"author":164,"featured_media":6764,"parent":0,"menu_order":0,"comment_status":"closed","ping_status":"closed","template":"","meta":{"_et_pb_use_builder":"on","_et_pb_old_content":"","_et_gb_content_width":"","footnotes":""},"class_list":["post-11201","page","type-page","status-publish","has-post-thumbnail","hentry"],"yoast_head":"<!-- This site is optimized with the Yoast SEO plugin v25.6 - https:\/\/yoast.com\/wordpress\/plugins\/seo\/ -->\n<title>Kansainv\u00e4listymishanke - Saaga Travel<\/title>\n<meta name=\"robots\" content=\"noindex, follow, max-snippet:-1, max-image-preview:large, max-video-preview:-1\" \/>\n<meta property=\"og:locale\" content=\"fi_FI\" \/>\n<meta property=\"og:type\" content=\"article\" \/>\n<meta property=\"og:title\" content=\"Kansainv\u00e4listymishanke - Saaga Travel\" \/>\n<meta property=\"og:description\" content=\"Kansainv\u00e4listymishanke Saaga Travel Oy:n hanke: Kokonaisvaltaiset matkapaketit - kansainv\u00e4listymistoimenpiteet Hankkeen tavoitteena on luoda valmiudet Saaga Travelin kansainv\u00e4liseen liiketoimintaan ja viennin k\u00e4ynnist\u00e4miseen etenkin Eurooppaan. Saaga Travel Oy toteuttaa hankkeessa kansainv\u00e4listymiseen liittyvi\u00e4 selvityksi\u00e4 ja toimenpiteit\u00e4. Hankkeessa toteutetaan markkinaselvityksi\u00e4, kokonaisvaltainen yrityksen toimintojen digitalisaatioselvitys\u00a0 sek\u00e4 verkkosivujen ja verkkokaupan konseptointiselvitys. Kansainv\u00e4listymiseen liittyvi\u00e4 teht\u00e4vi\u00e4 hoitamaan palkataan kansainv\u00e4listymisasiantuntija, jonka teht\u00e4v\u00e4n\u00e4 on rakentaa [&hellip;]\" \/>\n<meta property=\"og:url\" content=\"https:\/\/vanha.saagatravel.fi\/?page_id=11201\" \/>\n<meta property=\"og:site_name\" content=\"Saaga Travel\" \/>\n<meta property=\"article:publisher\" content=\"https:\/\/www.facebook.com\/saagatravel\/\" \/>\n<meta property=\"article:modified_time\" content=\"2022-04-05T06:39:56+00:00\" \/>\n<meta property=\"og:image\" content=\"https:\/\/vanha.saagatravel.fi\/wp-content\/uploads\/2021\/05\/kansi-1600.jpeg\" \/>\n\t<meta property=\"og:image:width\" content=\"1600\" \/>\n\t<meta property=\"og:image:height\" content=\"652\" \/>\n\t<meta property=\"og:image:type\" content=\"image\/jpeg\" \/>\n<meta name=\"twitter:card\" content=\"summary_large_image\" \/>\n<script type=\"application\/ld+json\" class=\"yoast-schema-graph\">{\"@context\":\"https:\/\/schema.org\",\"@graph\":[{\"@type\":\"WebPage\",\"@id\":\"https:\/\/vanha.saagatravel.fi\/?page_id=11201\",\"url\":\"https:\/\/vanha.saagatravel.fi\/?page_id=11201\",\"name\":\"Kansainv\u00e4listymishanke - Saaga Travel\",\"isPartOf\":{\"@id\":\"https:\/\/vanha.saagatravel.fi\/#website\"},\"primaryImageOfPage\":{\"@id\":\"https:\/\/vanha.saagatravel.fi\/?page_id=11201#primaryimage\"},\"image\":{\"@id\":\"https:\/\/vanha.saagatravel.fi\/?page_id=11201#primaryimage\"},\"thumbnailUrl\":\"https:\/\/vanha.saagatravel.fi\/wp-content\/uploads\/2021\/05\/kansi-1600.jpeg\",\"datePublished\":\"2022-04-01T09:48:59+00:00\",\"dateModified\":\"2022-04-05T06:39:56+00:00\",\"breadcrumb\":{\"@id\":\"https:\/\/vanha.saagatravel.fi\/?page_id=11201#breadcrumb\"},\"inLanguage\":\"fi\",\"potentialAction\":[{\"@type\":\"ReadAction\",\"target\":[\"https:\/\/vanha.saagatravel.fi\/?page_id=11201\"]}]},{\"@type\":\"ImageObject\",\"inLanguage\":\"fi\",\"@id\":\"https:\/\/vanha.saagatravel.fi\/?page_id=11201#primaryimage\",\"url\":\"https:\/\/vanha.saagatravel.fi\/wp-content\/uploads\/2021\/05\/kansi-1600.jpeg\",\"contentUrl\":\"https:\/\/vanha.saagatravel.fi\/wp-content\/uploads\/2021\/05\/kansi-1600.jpeg\",\"width\":1600,\"height\":652},{\"@type\":\"BreadcrumbList\",\"@id\":\"https:\/\/vanha.saagatravel.fi\/?page_id=11201#breadcrumb\",\"itemListElement\":[{\"@type\":\"ListItem\",\"position\":1,\"name\":\"Home\",\"item\":\"https:\/\/vanha.saagatravel.fi\/\"},{\"@type\":\"ListItem\",\"position\":2,\"name\":\"Kansainv\u00e4listymishanke\"}]},{\"@type\":\"WebSite\",\"@id\":\"https:\/\/vanha.saagatravel.fi\/#website\",\"url\":\"https:\/\/vanha.saagatravel.fi\/\",\"name\":\"Saaga Travel\",\"description\":\"Tilausajot ja ryhm\u00e4kuljetukset Oulun seudulla\",\"publisher\":{\"@id\":\"https:\/\/vanha.saagatravel.fi\/#organization\"},\"potentialAction\":[{\"@type\":\"SearchAction\",\"target\":{\"@type\":\"EntryPoint\",\"urlTemplate\":\"https:\/\/vanha.saagatravel.fi\/?s={search_term_string}\"},\"query-input\":{\"@type\":\"PropertyValueSpecification\",\"valueRequired\":true,\"valueName\":\"search_term_string\"}}],\"inLanguage\":\"fi\"},{\"@type\":\"Organization\",\"@id\":\"https:\/\/vanha.saagatravel.fi\/#organization\",\"name\":\"Saaga Travel Oy\",\"url\":\"https:\/\/vanha.saagatravel.fi\/\",\"logo\":{\"@type\":\"ImageObject\",\"inLanguage\":\"fi\",\"@id\":\"https:\/\/vanha.saagatravel.fi\/#\/schema\/logo\/image\/\",\"url\":\"https:\/\/vanha.saagatravel.fi\/wp-content\/uploads\/2019\/07\/saagat.png\",\"contentUrl\":\"https:\/\/vanha.saagatravel.fi\/wp-content\/uploads\/2019\/07\/saagat.png\",\"width\":500,\"height\":200,\"caption\":\"Saaga Travel Oy\"},\"image\":{\"@id\":\"https:\/\/vanha.saagatravel.fi\/#\/schema\/logo\/image\/\"},\"sameAs\":[\"https:\/\/www.facebook.com\/saagatravel\/\"]}]}<\/script>\n<!-- \/ Yoast SEO plugin. -->","yoast_head_json":{"title":"Kansainv\u00e4listymishanke - Saaga Travel","robots":{"index":"noindex","follow":"follow","max-snippet":"max-snippet:-1","max-image-preview":"max-image-preview:large","max-video-preview":"max-video-preview:-1"},"og_locale":"fi_FI","og_type":"article","og_title":"Kansainv\u00e4listymishanke - Saaga Travel","og_description":"Kansainv\u00e4listymishanke Saaga Travel Oy:n hanke: Kokonaisvaltaiset matkapaketit - kansainv\u00e4listymistoimenpiteet Hankkeen tavoitteena on luoda valmiudet Saaga Travelin kansainv\u00e4liseen liiketoimintaan ja viennin k\u00e4ynnist\u00e4miseen etenkin Eurooppaan. Saaga Travel Oy toteuttaa hankkeessa kansainv\u00e4listymiseen liittyvi\u00e4 selvityksi\u00e4 ja toimenpiteit\u00e4. Hankkeessa toteutetaan markkinaselvityksi\u00e4, kokonaisvaltainen yrityksen toimintojen digitalisaatioselvitys\u00a0 sek\u00e4 verkkosivujen ja verkkokaupan konseptointiselvitys. Kansainv\u00e4listymiseen liittyvi\u00e4 teht\u00e4vi\u00e4 hoitamaan palkataan kansainv\u00e4listymisasiantuntija, jonka teht\u00e4v\u00e4n\u00e4 on rakentaa [&hellip;]","og_url":"https:\/\/vanha.saagatravel.fi\/?page_id=11201","og_site_name":"Saaga Travel","article_publisher":"https:\/\/www.facebook.com\/saagatravel\/","article_modified_time":"2022-04-05T06:39:56+00:00","og_image":[{"width":1600,"height":652,"url":"https:\/\/vanha.saagatravel.fi\/wp-content\/uploads\/2021\/05\/kansi-1600.jpeg","type":"image\/jpeg"}],"twitter_card":"summary_large_image","schema":{"@context":"https:\/\/schema.org","@graph":[{"@type":"WebPage","@id":"https:\/\/vanha.saagatravel.fi\/?page_id=11201","url":"https:\/\/vanha.saagatravel.fi\/?page_id=11201","name":"Kansainv\u00e4listymishanke - Saaga Travel","isPartOf":{"@id":"https:\/\/vanha.saagatravel.fi\/#website"},"primaryImageOfPage":{"@id":"https:\/\/vanha.saagatravel.fi\/?page_id=11201#primaryimage"},"image":{"@id":"https:\/\/vanha.saagatravel.fi\/?page_id=11201#primaryimage"},"thumbnailUrl":"https:\/\/vanha.saagatravel.fi\/wp-content\/uploads\/2021\/05\/kansi-1600.jpeg","datePublished":"2022-04-01T09:48:59+00:00","dateModified":"2022-04-05T06:39:56+00:00","breadcrumb":{"@id":"https:\/\/vanha.saagatravel.fi\/?page_id=11201#breadcrumb"},"inLanguage":"fi","potentialAction":[{"@type":"ReadAction","target":["https:\/\/vanha.saagatravel.fi\/?page_id=11201"]}]},{"@type":"ImageObject","inLanguage":"fi","@id":"https:\/\/vanha.saagatravel.fi\/?page_id=11201#primaryimage","url":"https:\/\/vanha.saagatravel.fi\/wp-content\/uploads\/2021\/05\/kansi-1600.jpeg","contentUrl":"https:\/\/vanha.saagatravel.fi\/wp-content\/uploads\/2021\/05\/kansi-1600.jpeg","width":1600,"height":652},{"@type":"BreadcrumbList","@id":"https:\/\/vanha.saagatravel.fi\/?page_id=11201#breadcrumb","itemListElement":[{"@type":"ListItem","position":1,"name":"Home","item":"https:\/\/vanha.saagatravel.fi\/"},{"@type":"ListItem","position":2,"name":"Kansainv\u00e4listymishanke"}]},{"@type":"WebSite","@id":"https:\/\/vanha.saagatravel.fi\/#website","url":"https:\/\/vanha.saagatravel.fi\/","name":"Saaga Travel","description":"Tilausajot ja ryhm\u00e4kuljetukset Oulun seudulla","publisher":{"@id":"https:\/\/vanha.saagatravel.fi\/#organization"},"potentialAction":[{"@type":"SearchAction","target":{"@type":"EntryPoint","urlTemplate":"https:\/\/vanha.saagatravel.fi\/?s={search_term_string}"},"query-input":{"@type":"PropertyValueSpecification","valueRequired":true,"valueName":"search_term_string"}}],"inLanguage":"fi"},{"@type":"Organization","@id":"https:\/\/vanha.saagatravel.fi\/#organization","name":"Saaga Travel Oy","url":"https:\/\/vanha.saagatravel.fi\/","logo":{"@type":"ImageObject","inLanguage":"fi","@id":"https:\/\/vanha.saagatravel.fi\/#\/schema\/logo\/image\/","url":"https:\/\/vanha.saagatravel.fi\/wp-content\/uploads\/2019\/07\/saagat.png","contentUrl":"https:\/\/vanha.saagatravel.fi\/wp-content\/uploads\/2019\/07\/saagat.png","width":500,"height":200,"caption":"Saaga Travel Oy"},"image":{"@id":"https:\/\/vanha.saagatravel.fi\/#\/schema\/logo\/image\/"},"sameAs":["https:\/\/www.facebook.com\/saagatravel\/"]}]}},"_links":{"self":[{"href":"https:\/\/vanha.saagatravel.fi\/index.php?rest_route=\/wp\/v2\/pages\/11201"}],"collection":[{"href":"https:\/\/vanha.saagatravel.fi\/index.php?rest_route=\/wp\/v2\/pages"}],"about":[{"href":"https:\/\/vanha.saagatravel.fi\/index.php?rest_route=\/wp\/v2\/types\/page"}],"author":[{"embeddable":true,"href":"https:\/\/vanha.saagatravel.fi\/index.php?rest_route=\/wp\/v2\/users\/164"}],"replies":[{"embeddable":true,"href":"https:\/\/vanha.saagatravel.fi\/index.php?rest_route=%2Fwp%2Fv2%2Fcomments&post=11201"}],"version-history":[{"count":3,"href":"https:\/\/vanha.saagatravel.fi\/index.php?rest_route=\/wp\/v2\/pages\/11201\/revisions"}],"predecessor-version":[{"id":11342,"href":"https:\/\/vanha.saagatravel.fi\/index.php?rest_route=\/wp\/v2\/pages\/11201\/revisions\/11342"}],"wp:featuredmedia":[{"embeddable":true,"href":"https:\/\/vanha.saagatravel.fi\/index.php?rest_route=\/wp\/v2\/media\/6764"}],"wp:attachment":[{"href":"https:\/\/vanha.saagatravel.fi\/index.php?rest_route=%2Fwp%2Fv2%2Fmedia&parent=11201"}],"curies":[{"name":"wp","href":"https:\/\/api.w.org\/{rel}","templated":true}]}}