{"id":13610,"date":"2022-10-11T10:45:59","date_gmt":"2022-10-11T10:45:59","guid":{"rendered":"https:\/\/vanha.saagatravel.fi\/?page_id=13610"},"modified":"2023-12-07T08:00:34","modified_gmt":"2023-12-07T08:00:34","slug":"rovaniemi","status":"publish","type":"page","link":"https:\/\/vanha.saagatravel.fi\/?page_id=13610","title":{"rendered":"Rovaniemi"},"content":{"rendered":"<p>[et_pb_section fb_built=&#8221;1&#8243; _builder_version=&#8221;4.9.4&#8243; _module_preset=&#8221;default&#8221; background_enable_color=&#8221;off&#8221; background_image=&#8221;https:\/\/vanha.saagatravel.fi\/wp-content\/uploads\/2022\/10\/rovaniemi-saagatravel.jpg&#8221; background_blend=&#8221;multiply&#8221;][et_pb_row _builder_version=&#8221;4.9.4&#8243; _module_preset=&#8221;default&#8221; custom_padding=&#8221;186px||162px|||&#8221;][et_pb_column type=&#8221;4_4&#8243; _builder_version=&#8221;4.9.4&#8243; _module_preset=&#8221;default&#8221;][\/et_pb_column][\/et_pb_row][\/et_pb_section][et_pb_section fb_built=&#8221;1&#8243; disabled_on=&#8221;off|off|off&#8221; _builder_version=&#8221;4.4.2&#8243; custom_padding=&#8221;||2px|||&#8221;][et_pb_row _builder_version=&#8221;4.9.4&#8243;][et_pb_column type=&#8221;4_4&#8243; _builder_version=&#8221;4.4.2&#8243;][et_pb_text _builder_version=&#8221;4.9.4&#8243; header_font_size=&#8221;43px&#8221; header_2_line_height=&#8221;1.2em&#8221; hover_enabled=&#8221;0&#8243; sticky_enabled=&#8221;0&#8243;]<\/p>\n<h2 style=\"text-align: center;\"><strong>Tarjoamme laadukasta kuljetuspalvelua Pohjois-Suomen alueella.\u00a0Toimipisteemme sijaitsee Rovaniemell\u00e4. <\/strong><\/h2>\n<p style=\"text-align: center;\"><span>Palvelemme asiakkaitamme monipuolisella kalustolla. Pienimm\u00e4t automme ovat 6-18 paikkaisia VIP-busseja, suurin automme on 79-paikkainen kaksikerrosbussi. <\/span><\/p>\n<p style=\"text-align: center;\"><span>Palvelumme on kokonaisvaltaista. Tilaukseesi voit liitt\u00e4\u00e4 mm. aamiaiset bussiin, hotellivaraukset, laivaliput, k\u00e4yntikohteet ja opastukset, kaiken mit\u00e4 matkallasi tarvitset. <\/span><\/p>\n<p style=\"text-align: center;\"><span>Saaga Travel on 2019 Oulussa aloittanut t\u00e4yden palvelun bussiyritys.\u00a0<\/span><span style=\"font-size: 17px;\">Olemme perheyritys, jonka kaikki omistajat ty\u00f6skentelev\u00e4t yhti\u00f6ss\u00e4. Haluamme palvella Teit\u00e4, olethan yhteydess\u00e4.<\/span><\/p>\n<p style=\"text-align: center;\"><strong>Rovaniemell\u00e4 sinua palvelevat<\/strong><\/p>\n<p style=\"text-align: center;\">Sakari Manninen, aluep\u00e4\u00e4llikk\u00f6 (tilausajot), 050 311 0355, <a href=\"mailto:rovaniemi@saagatravel.fi\">rovaniemi@saagatravel.fi<\/a><\/p>\n<p style=\"text-align: center;\">Tarja Puutio, myyntip\u00e4\u00e4llikk\u00f6 (matkapaketit), 040 652 1075, <a href=\"mailto:tarja@saagatravel.fi\">tarja@saagatravel.fi<\/a>\u00a0<\/p>\n<p style=\"text-align: center;\">Eija Honkonen, myyntip\u00e4\u00e4llikk\u00f6 (matkapaketit), 050 408 0151, <a href=\"mailto:eija@saagatravel.fi\">eija@saagatravel.fi<\/a>\u00a0<\/p>\n<p style=\"text-align: center;\">Yhdysv\u00e4yl\u00e4 4, 96900 Rovaniemi, 0400 694 952<\/p>\n<p>[\/et_pb_text][et_pb_image src=&#8221;https:\/\/vanha.saagatravel.fi\/wp-content\/uploads\/2022\/10\/tausta-auto.png&#8221; title_text=&#8221;tausta-auto&#8221; align=&#8221;center&#8221; _builder_version=&#8221;4.9.4&#8243; _module_preset=&#8221;default&#8221; width=&#8221;100%&#8221; max_width=&#8221;300px&#8221;][\/et_pb_image][et_pb_code _builder_version=&#8221;4.4.2&#8243; custom_margin=&#8221;13px|||||&#8221;]<\/p>\n<style><!-- [et_pb_line_break_holder] -->  .et_pb_post {<!-- [et_pb_line_break_holder] -->margin-bottom: 20px;<!-- [et_pb_line_break_holder] -->}<!-- [et_pb_line_break_holder] -->.et_pb_posts a.more-link { \u00a0margin-top: -30px;<!-- [et_pb_line_break_holder] -->}<!-- [et_pb_line_break_holder] -->  .et_pb_blog_0 .et_pb_post .entry-title, .et_pb_blog_0 .not-found-title {<!-- [et_pb_line_break_holder] --><!-- [et_pb_line_break_holder] -->margin-bottom: -15px;<!-- [et_pb_line_break_holder] -->}<!-- [et_pb_line_break_holder] --><\/style>\n<p>[\/et_pb_code][\/et_pb_column][\/et_pb_row][\/et_pb_section][et_pb_section fb_built=&#8221;1&#8243; _builder_version=&#8221;4.4.2&#8243;][et_pb_row _builder_version=&#8221;4.4.2&#8243;][et_pb_column type=&#8221;4_4&#8243; _builder_version=&#8221;4.4.2&#8243;][et_pb_code _builder_version=&#8221;4.4.2&#8243;]<\/p>\n<style><!-- [et_pb_line_break_holder] -->  .et_contact_bottom_container {<!-- [et_pb_line_break_holder] -->float: inherit!important; *\/<!-- [et_pb_line_break_holder] --><!-- [et_pb_line_break_holder] -->margin-top: -1.5%;<!-- [et_pb_line_break_holder] -->display: -moz-flex;<!-- [et_pb_line_break_holder] -->display: -ms-flex;<!-- [et_pb_line_break_holder] -->display: -webkit-box;<!-- [et_pb_line_break_holder] -->display: -ms-flexbox;<!-- [et_pb_line_break_holder] -->display: flex;<!-- [et_pb_line_break_holder] -->display: compact;<!-- [et_pb_line_break_holder] -->margmargin: 10;<!-- [et_pb_line_break_holder] -->margin: auto!important;<!-- [et_pb_line_break_holder] -->width: 10%!important;<!-- [et_pb_line_break_holder] -->}<!-- [et_pb_line_break_holder] --><\/style>\n<p>[\/et_pb_code][et_pb_text _builder_version=&#8221;4.9.4&#8243; _module_preset=&#8221;default&#8221;]<\/p>\n<h1 style=\"text-align: center;\">Pyyd\u00e4 tarjous kuljetuspalveluista Rovaniemell\u00e4<\/h1>\n<p>\n<script type=\"text\/javascript\" src=\"https:\/\/form.jotform.com\/jsform\/61145698819974\"><\/script>\n<\/p>\n<p>[\/et_pb_text][\/et_pb_column][\/et_pb_row][\/et_pb_section]<\/p>\n","protected":false},"excerpt":{"rendered":"<p>Tarjoamme laadukasta kuljetuspalvelua Pohjois-Suomen alueella.\u00a0Toimipisteemme sijaitsee Rovaniemell\u00e4. Palvelemme asiakkaitamme monipuolisella kalustolla. Pienimm\u00e4t automme ovat 6-18 paikkaisia VIP-busseja, suurin automme on 79-paikkainen kaksikerrosbussi. Palvelumme on kokonaisvaltaista. Tilaukseesi voit liitt\u00e4\u00e4 mm. aamiaiset bussiin, hotellivaraukset, laivaliput, k\u00e4yntikohteet ja opastukset, kaiken mit\u00e4 matkallasi tarvitset. Saaga Travel on 2019 Oulussa aloittanut t\u00e4yden palvelun bussiyritys.\u00a0Olemme perheyritys, jonka kaikki omistajat ty\u00f6skentelev\u00e4t yhti\u00f6ss\u00e4. [&hellip;]<\/p>\n","protected":false},"author":1,"featured_media":0,"parent":0,"menu_order":0,"comment_status":"closed","ping_status":"closed","template":"","meta":{"_et_pb_use_builder":"on","_et_pb_old_content":"","_et_gb_content_width":"","footnotes":""},"class_list":["post-13610","page","type-page","status-publish","hentry"],"yoast_head":"<!-- This site is optimized with the Yoast SEO plugin v25.6 - https:\/\/yoast.com\/wordpress\/plugins\/seo\/ -->\n<title>Rovaniemi - Saaga Travel<\/title>\n<meta name=\"robots\" content=\"noindex, follow, max-snippet:-1, max-image-preview:large, max-video-preview:-1\" \/>\n<meta property=\"og:locale\" content=\"fi_FI\" \/>\n<meta property=\"og:type\" content=\"article\" \/>\n<meta property=\"og:title\" content=\"Rovaniemi - Saaga Travel\" \/>\n<meta property=\"og:description\" content=\"Tarjoamme laadukasta kuljetuspalvelua Pohjois-Suomen alueella.\u00a0Toimipisteemme sijaitsee Rovaniemell\u00e4. Palvelemme asiakkaitamme monipuolisella kalustolla. Pienimm\u00e4t automme ovat 6-18 paikkaisia VIP-busseja, suurin automme on 79-paikkainen kaksikerrosbussi. Palvelumme on kokonaisvaltaista. Tilaukseesi voit liitt\u00e4\u00e4 mm. aamiaiset bussiin, hotellivaraukset, laivaliput, k\u00e4yntikohteet ja opastukset, kaiken mit\u00e4 matkallasi tarvitset. Saaga Travel on 2019 Oulussa aloittanut t\u00e4yden palvelun bussiyritys.\u00a0Olemme perheyritys, jonka kaikki omistajat ty\u00f6skentelev\u00e4t yhti\u00f6ss\u00e4. [&hellip;]\" \/>\n<meta property=\"og:url\" content=\"https:\/\/vanha.saagatravel.fi\/?page_id=13610\" \/>\n<meta property=\"og:site_name\" content=\"Saaga Travel\" \/>\n<meta property=\"article:publisher\" content=\"https:\/\/www.facebook.com\/saagatravel\/\" \/>\n<meta property=\"article:modified_time\" content=\"2023-12-07T08:00:34+00:00\" \/>\n<meta property=\"og:image\" content=\"https:\/\/vanha.saagatravel.fi\/wp-content\/uploads\/2019\/07\/Tilausajot-Bussi-Oulu-Saaga-Travel.jpg\" \/>\n\t<meta property=\"og:image:width\" content=\"1200\" \/>\n\t<meta property=\"og:image:height\" content=\"900\" \/>\n\t<meta property=\"og:image:type\" content=\"image\/jpeg\" \/>\n<meta name=\"twitter:card\" content=\"summary_large_image\" \/>\n<script type=\"application\/ld+json\" class=\"yoast-schema-graph\">{\"@context\":\"https:\/\/schema.org\",\"@graph\":[{\"@type\":\"WebPage\",\"@id\":\"https:\/\/vanha.saagatravel.fi\/?page_id=13610\",\"url\":\"https:\/\/vanha.saagatravel.fi\/?page_id=13610\",\"name\":\"Rovaniemi - Saaga Travel\",\"isPartOf\":{\"@id\":\"https:\/\/vanha.saagatravel.fi\/#website\"},\"datePublished\":\"2022-10-11T10:45:59+00:00\",\"dateModified\":\"2023-12-07T08:00:34+00:00\",\"breadcrumb\":{\"@id\":\"https:\/\/vanha.saagatravel.fi\/?page_id=13610#breadcrumb\"},\"inLanguage\":\"fi\",\"potentialAction\":[{\"@type\":\"ReadAction\",\"target\":[\"https:\/\/vanha.saagatravel.fi\/?page_id=13610\"]}]},{\"@type\":\"BreadcrumbList\",\"@id\":\"https:\/\/vanha.saagatravel.fi\/?page_id=13610#breadcrumb\",\"itemListElement\":[{\"@type\":\"ListItem\",\"position\":1,\"name\":\"Home\",\"item\":\"https:\/\/vanha.saagatravel.fi\/\"},{\"@type\":\"ListItem\",\"position\":2,\"name\":\"Rovaniemi\"}]},{\"@type\":\"WebSite\",\"@id\":\"https:\/\/vanha.saagatravel.fi\/#website\",\"url\":\"https:\/\/vanha.saagatravel.fi\/\",\"name\":\"Saaga Travel\",\"description\":\"Tilausajot ja ryhm\u00e4kuljetukset Oulun seudulla\",\"publisher\":{\"@id\":\"https:\/\/vanha.saagatravel.fi\/#organization\"},\"potentialAction\":[{\"@type\":\"SearchAction\",\"target\":{\"@type\":\"EntryPoint\",\"urlTemplate\":\"https:\/\/vanha.saagatravel.fi\/?s={search_term_string}\"},\"query-input\":{\"@type\":\"PropertyValueSpecification\",\"valueRequired\":true,\"valueName\":\"search_term_string\"}}],\"inLanguage\":\"fi\"},{\"@type\":\"Organization\",\"@id\":\"https:\/\/vanha.saagatravel.fi\/#organization\",\"name\":\"Saaga Travel Oy\",\"url\":\"https:\/\/vanha.saagatravel.fi\/\",\"logo\":{\"@type\":\"ImageObject\",\"inLanguage\":\"fi\",\"@id\":\"https:\/\/vanha.saagatravel.fi\/#\/schema\/logo\/image\/\",\"url\":\"https:\/\/vanha.saagatravel.fi\/wp-content\/uploads\/2019\/07\/saagat.png\",\"contentUrl\":\"https:\/\/vanha.saagatravel.fi\/wp-content\/uploads\/2019\/07\/saagat.png\",\"width\":500,\"height\":200,\"caption\":\"Saaga Travel Oy\"},\"image\":{\"@id\":\"https:\/\/vanha.saagatravel.fi\/#\/schema\/logo\/image\/\"},\"sameAs\":[\"https:\/\/www.facebook.com\/saagatravel\/\"]}]}<\/script>\n<!-- \/ Yoast SEO plugin. -->","yoast_head_json":{"title":"Rovaniemi - Saaga Travel","robots":{"index":"noindex","follow":"follow","max-snippet":"max-snippet:-1","max-image-preview":"max-image-preview:large","max-video-preview":"max-video-preview:-1"},"og_locale":"fi_FI","og_type":"article","og_title":"Rovaniemi - Saaga Travel","og_description":"Tarjoamme laadukasta kuljetuspalvelua Pohjois-Suomen alueella.\u00a0Toimipisteemme sijaitsee Rovaniemell\u00e4. Palvelemme asiakkaitamme monipuolisella kalustolla. Pienimm\u00e4t automme ovat 6-18 paikkaisia VIP-busseja, suurin automme on 79-paikkainen kaksikerrosbussi. Palvelumme on kokonaisvaltaista. Tilaukseesi voit liitt\u00e4\u00e4 mm. aamiaiset bussiin, hotellivaraukset, laivaliput, k\u00e4yntikohteet ja opastukset, kaiken mit\u00e4 matkallasi tarvitset. Saaga Travel on 2019 Oulussa aloittanut t\u00e4yden palvelun bussiyritys.\u00a0Olemme perheyritys, jonka kaikki omistajat ty\u00f6skentelev\u00e4t yhti\u00f6ss\u00e4. [&hellip;]","og_url":"https:\/\/vanha.saagatravel.fi\/?page_id=13610","og_site_name":"Saaga Travel","article_publisher":"https:\/\/www.facebook.com\/saagatravel\/","article_modified_time":"2023-12-07T08:00:34+00:00","og_image":[{"width":1200,"height":900,"url":"https:\/\/vanha.saagatravel.fi\/wp-content\/uploads\/2019\/07\/Tilausajot-Bussi-Oulu-Saaga-Travel.jpg","type":"image\/jpeg"}],"twitter_card":"summary_large_image","schema":{"@context":"https:\/\/schema.org","@graph":[{"@type":"WebPage","@id":"https:\/\/vanha.saagatravel.fi\/?page_id=13610","url":"https:\/\/vanha.saagatravel.fi\/?page_id=13610","name":"Rovaniemi - Saaga Travel","isPartOf":{"@id":"https:\/\/vanha.saagatravel.fi\/#website"},"datePublished":"2022-10-11T10:45:59+00:00","dateModified":"2023-12-07T08:00:34+00:00","breadcrumb":{"@id":"https:\/\/vanha.saagatravel.fi\/?page_id=13610#breadcrumb"},"inLanguage":"fi","potentialAction":[{"@type":"ReadAction","target":["https:\/\/vanha.saagatravel.fi\/?page_id=13610"]}]},{"@type":"BreadcrumbList","@id":"https:\/\/vanha.saagatravel.fi\/?page_id=13610#breadcrumb","itemListElement":[{"@type":"ListItem","position":1,"name":"Home","item":"https:\/\/vanha.saagatravel.fi\/"},{"@type":"ListItem","position":2,"name":"Rovaniemi"}]},{"@type":"WebSite","@id":"https:\/\/vanha.saagatravel.fi\/#website","url":"https:\/\/vanha.saagatravel.fi\/","name":"Saaga Travel","description":"Tilausajot ja ryhm\u00e4kuljetukset Oulun seudulla","publisher":{"@id":"https:\/\/vanha.saagatravel.fi\/#organization"},"potentialAction":[{"@type":"SearchAction","target":{"@type":"EntryPoint","urlTemplate":"https:\/\/vanha.saagatravel.fi\/?s={search_term_string}"},"query-input":{"@type":"PropertyValueSpecification","valueRequired":true,"valueName":"search_term_string"}}],"inLanguage":"fi"},{"@type":"Organization","@id":"https:\/\/vanha.saagatravel.fi\/#organization","name":"Saaga Travel Oy","url":"https:\/\/vanha.saagatravel.fi\/","logo":{"@type":"ImageObject","inLanguage":"fi","@id":"https:\/\/vanha.saagatravel.fi\/#\/schema\/logo\/image\/","url":"https:\/\/vanha.saagatravel.fi\/wp-content\/uploads\/2019\/07\/saagat.png","contentUrl":"https:\/\/vanha.saagatravel.fi\/wp-content\/uploads\/2019\/07\/saagat.png","width":500,"height":200,"caption":"Saaga Travel Oy"},"image":{"@id":"https:\/\/vanha.saagatravel.fi\/#\/schema\/logo\/image\/"},"sameAs":["https:\/\/www.facebook.com\/saagatravel\/"]}]}},"_links":{"self":[{"href":"https:\/\/vanha.saagatravel.fi\/index.php?rest_route=\/wp\/v2\/pages\/13610"}],"collection":[{"href":"https:\/\/vanha.saagatravel.fi\/index.php?rest_route=\/wp\/v2\/pages"}],"about":[{"href":"https:\/\/vanha.saagatravel.fi\/index.php?rest_route=\/wp\/v2\/types\/page"}],"author":[{"embeddable":true,"href":"https:\/\/vanha.saagatravel.fi\/index.php?rest_route=\/wp\/v2\/users\/1"}],"replies":[{"embeddable":true,"href":"https:\/\/vanha.saagatravel.fi\/index.php?rest_route=%2Fwp%2Fv2%2Fcomments&post=13610"}],"version-history":[{"count":18,"href":"https:\/\/vanha.saagatravel.fi\/index.php?rest_route=\/wp\/v2\/pages\/13610\/revisions"}],"predecessor-version":[{"id":21878,"href":"https:\/\/vanha.saagatravel.fi\/index.php?rest_route=\/wp\/v2\/pages\/13610\/revisions\/21878"}],"wp:attachment":[{"href":"https:\/\/vanha.saagatravel.fi\/index.php?rest_route=%2Fwp%2Fv2%2Fmedia&parent=13610"}],"curies":[{"name":"wp","href":"https:\/\/api.w.org\/{rel}","templated":true}]}}