{"id":1437,"date":"2019-10-09T11:22:17","date_gmt":"2019-10-09T11:22:17","guid":{"rendered":"https:\/\/vanha.saagatravel.fi\/?page_id=1437"},"modified":"2024-02-25T12:50:06","modified_gmt":"2024-02-25T12:50:06","slug":"yhteys","status":"publish","type":"page","link":"https:\/\/vanha.saagatravel.fi\/?page_id=1437","title":{"rendered":"Yhteys"},"content":{"rendered":"<p>[et_pb_section fb_built=&#8221;1&#8243; fullwidth=&#8221;on&#8221; _builder_version=&#8221;4.4.2&#8243;][et_pb_fullwidth_header _builder_version=&#8221;4.4.2&#8243; title_font_size=&#8221;49px&#8221; background_enable_color=&#8221;off&#8221; background_image=&#8221;https:\/\/vanha.saagatravel.fi\/wp-content\/uploads\/2019\/11\/saagatravel-kuljetus.jpg&#8221; custom_padding=&#8221;320px||||false|false&#8221; title_font_size_tablet=&#8221;&#8221; title_font_size_phone=&#8221;45px&#8221; title_font_size_last_edited=&#8221;on|phone&#8221;]<\/p>\n<h1 style=\"text-align: center;\"><strong><\/strong><\/h1>\n<h1 style=\"text-align: center;\"><strong><\/strong><\/h1>\n<h1 style=\"text-align: center;\"><strong><\/strong><\/h1>\n<h1 style=\"text-align: center;\"><strong>Yhteys<\/strong><\/h1>\n<p>[\/et_pb_fullwidth_header][\/et_pb_section][et_pb_section fb_built=&#8221;1&#8243; _builder_version=&#8221;4.4.2&#8243; custom_padding=&#8221;137px|||||&#8221;][et_pb_row column_structure=&#8221;3_5,2_5&#8243; _builder_version=&#8221;4.9.4&#8243; _module_preset=&#8221;default&#8221;][et_pb_column type=&#8221;3_5&#8243; _builder_version=&#8221;4.9.4&#8243; _module_preset=&#8221;default&#8221;][et_pb_text _builder_version=&#8221;4.9.4&#8243; _module_preset=&#8221;default&#8221;]<\/p>\n<h1>Yhteyslomake<\/h1>\n<p><script type=\"text\/javascript\" src=\"https:\/\/form.jotform.com\/jsform\/61145698819974\"><\/script>[\/et_pb_text][\/et_pb_column][et_pb_column type=&#8221;2_5&#8243; _builder_version=&#8221;4.9.4&#8243; _module_preset=&#8221;default&#8221;][et_pb_text _builder_version=&#8221;4.9.4&#8243; _module_preset=&#8221;default&#8221; hover_enabled=&#8221;0&#8243; sticky_enabled=&#8221;0&#8243;]<\/p>\n<p>Voit ottaa yhteytt\u00e4 puhelimitse tai s\u00e4hk\u00f6postitse. Lis\u00e4ksi voit pyyt\u00e4\u00e4 tarjousta tilausajosta vieress\u00e4 olevalla lomakkeella.<\/p>\n<p>Toivomme saavamme mahdolliset asiakaspalautteet osoitteeseen <a href=\"mailto:myynti@saagatravel.fi\">myynti@saagatravel.fi<\/a>.<\/p>\n<p>Myyntipalvelu:<\/p>\n<p>Oulu:\u00a0<a href=\"mailto:myynti@saagatravel.fi\">myynti@saagatravel.fi<\/a>, puh. 08 655 5100<br \/>Rovaniemi: <a href=\"mailto:rovaniemi@saagatravel.fi,\">rovaniemi@saagatravel.fi,<\/a> puh. 0400 694 952<\/p>\n<p><strong>Saaga Travel Oy<\/strong><br \/>Pajakuja 1<br \/>90460 Oulunsalo<\/p>\n<p><!-- divi:paragraph -->Y-tunnus: 2213373-6<span style=\"font-size: inherit;\">\u00a0<\/span><\/p>\n<p><span style=\"font-size: inherit;\"><\/span><\/p>\n<p><strong style=\"color: #333333; font-size: 18px;\">Me palvelemme<\/strong><\/p>\n<p><strong style=\"font-size: inherit;\"><strong>Sanna Kimpim\u00e4ki, toimitusjohtaja<br \/><\/strong><\/strong>puh. 040\u00a0652 1044<br \/><a href=\"mailto:sanna@saagatravel.fi\">sanna@saagatravel.fi<\/a><\/p>\n<p><strong style=\"font-size: inherit;\"><strong>Pekka Kimpim\u00e4ki, liiketoimintajohtaja<\/strong><br \/><\/strong>puh. 040\u00a0652 1065<br \/><a href=\"mailto:pekka@saagatravel.fi\">pekka@saagatravel.fi<\/a><\/p>\n<p><strong style=\"font-size: inherit;\">Kimmo Kokkonen, tilausajomyynti<br \/><\/strong>puh.\u00a0\u00a0040\u00a0652 1085<br \/><a href=\"mailto:kimmo.kokkonen@saagatravel.fi\">kimmo.kokkonen@saagatravel.fi<\/a><\/p>\n<p><strong style=\"font-size: inherit;\">Sakari Manninen, aluep\u00e4\u00e4llikk\u00f6 Rovaniemi<br \/><\/strong>puh. 050 311 0355<br \/><a href=\"mailto:rovaniemi@saagatravel.fi\">rovaniemi@saagatravel.fi<\/a><\/p>\n<p><b>Tarja Puutio, kotimaan ryhm\u00e4myynti<br \/><\/b>puh. 040 652 1075<br \/><a href=\"mailto:tarja@saagatravel.fi\">tarja@saagatravel.fi<\/a><\/p>\n<p><b>Eija Honkonen, kotimaan ryhm\u00e4myynti<br \/><\/b>puh. 050 408 0151<br \/><a href=\"mailto:eija@saagatravel.fi\">eija@saagatravel.fi<\/a>\u00a0<b><\/b><\/p>\n<p><b>Johanna Salmela, kansainv\u00e4linen myynti<\/b><br \/>puh. 040 826 2345<br \/><a href=\"mailto:johanna@saagatravel.fi\">johanna@saagatravel.fi<\/a><\/p>\n<p><strong style=\"font-size: inherit;\">Pentti Tiitinen<br \/><\/strong>puh. 040\u00a0652 1082<br \/><a href=\"mailto:pentti@saagatravel.fi\">pentti@saagatravel.fi<\/a><\/p>\n<p><strong>Jari-Pekka Kokkonen<\/strong><br \/>puh. \u00a0040\u00a0652 1084<br \/><a href=\"mailto:jari-pekka@saagatravel.fi\">jari-pekka@saagatravel.fi<\/a><\/p>\n<p><strong style=\"font-size: inherit;\">Petri Luokkanen, huolto<br \/><\/strong>puh. \u00a0040 652 1089<br \/><a href=\"mailto:petri.luokkanen@saagatravel.fi\">petri.luokkanen@saagatravel.fi<\/a><\/p>\n<p>&nbsp;<\/p>\n<p><!-- divi:heading --><\/p>\n<h2>Laskutustiedot<\/h2>\n<p><span style=\"font-size: inherit;\">Olemme siirtyneet s\u00e4hk\u00f6iseen ostolaskujen k\u00e4sittelyyn. Vastaanotamme ensisijaisesti kaikki meille osoitetut laskut verkkolaskuina osoitteeseen:\u00a0\u00a0<\/span><\/p>\n<p><strong>Verkkolaskuosoite<\/strong>: 003722133736<br \/><strong>Operaattoritunnus<\/strong>: 003721291126; pankkiverkosta l\u00e4hetett\u00e4ess\u00e4 v\u00e4litt\u00e4j\u00e4n tunnus DABAFIHH<br \/><strong>V\u00e4litt\u00e4j\u00e4<\/strong>: Maventa<\/p>\n<p>Mik\u00e4li ette pysty toimittamaan verkkolaskuja, laskun voi toimittaa pdf-muodossa s\u00e4hk\u00f6postilla osoitteeseen <u><a href=\"mailto:invoice-22133736@kollektor.fi\">invoice-22133736@kollektor.fi<\/a>\u00a0<\/u><\/p>\n<p>Mik\u00e4li kumpikaan n\u00e4ist\u00e4 ei onnistu, paperilaskut voi toimittaa osoitteeseen<\/p>\n<p>Saaga Travel Oy<br \/>22133736<br \/>PL 100<br \/>80020 KOLLEKTOR SCAN<\/p>\n<p><span style=\"font-size: inherit;\">Lis\u00e4tietoja antaa Sanna Kimpim\u00e4ki, sanna@saagatravel.fi, p.040 652 1044<\/span><\/p>\n<p>Laskuilta tulee l\u00f6yty\u00e4 riitt\u00e4v\u00e4t viitteet, kuten tilaajan nimi sek\u00e4 mahdollinen tilaajan ilmoittama viitetieto. Viitetietojen puuttuminen saattaa johtaa suorituksen viiv\u00e4stymiseen. Saaga Travel Oy ei katso t\u00e4ll\u00f6in olevansa velvollinen korvaamaan korkoja tai muita perint\u00e4kuluja.<\/p>\n<p><a href=\"https:\/\/vanha.saagatravel.fi\/wp-content\/uploads\/2024\/02\/Saaga-Travel-laskutustiedot_Invoicing-address-022024.pdf\">Avaa laskutustiedot (PDF)<\/a><\/p>\n<p>&nbsp;<\/p>\n<p>[\/et_pb_text][\/et_pb_column][\/et_pb_row][\/et_pb_section]<\/p>\n","protected":false},"excerpt":{"rendered":"<p>YhteysYhteyslomake Voit ottaa yhteytt\u00e4 puhelimitse tai s\u00e4hk\u00f6postitse. Lis\u00e4ksi voit pyyt\u00e4\u00e4 tarjousta tilausajosta vieress\u00e4 olevalla lomakkeella. Toivomme saavamme mahdolliset asiakaspalautteet osoitteeseen myynti@saagatravel.fi. Myyntipalvelu: Oulu:\u00a0myynti@saagatravel.fi, puh. 08 655 5100Rovaniemi: rovaniemi@saagatravel.fi, puh. 0400 694 952 Saaga Travel OyPajakuja 190460 Oulunsalo Y-tunnus: 2213373-6\u00a0 Me palvelemme Sanna Kimpim\u00e4ki, toimitusjohtajapuh. 040\u00a0652 1044sanna@saagatravel.fi Pekka Kimpim\u00e4ki, liiketoimintajohtajapuh. 040\u00a0652 1065pekka@saagatravel.fi Kimmo Kokkonen, tilausajomyyntipuh.\u00a0\u00a0040\u00a0652 1085kimmo.kokkonen@saagatravel.fi [&hellip;]<\/p>\n","protected":false},"author":1,"featured_media":0,"parent":0,"menu_order":0,"comment_status":"closed","ping_status":"closed","template":"","meta":{"_et_pb_use_builder":"on","_et_pb_old_content":"<!-- wp:columns -->\n<div class=\"wp-block-columns\"><!-- wp:column -->\n<div class=\"wp-block-column\"><!-- wp:html -->\n<iframe id=\"JotFormIFrame-61145698819974\" title=\"Saaga Travel -tarjouspyynt\u00f6 web\" onload=\"window.parent.scrollTo(0,0)\" allowtransparency=\"true\" allowfullscreen=\"true\" allow=\"geolocation; microphone; camera\" src=\"https:\/\/form.jotform.com\/61145698819974\" frameborder=\"0\" style=\" min-width: 100%; height:1358px; border:none;\" scrolling=\"no\"> <\/iframe> <script type=\"text\/javascript\"> var ifr = document.getElementById(\"JotFormIFrame-61145698819974\"); if(window.location.href && window.location.href.indexOf(\"?\") > -1) { var get = window.location.href.substr(window.location.href.indexOf(\"?\") + 1); if(ifr && get.length > 0) { var src = ifr.src; src = src.indexOf(\"?\") > -1 ? src + \"&\" + get : src + \"?\" + get; ifr.src = src; } } window.handleIFrameMessage = function(e) { if (typeof e.data === 'object') { return; } var args = e.data.split(\":\"); if (args.length > 2) { iframe = document.getElementById(\"JotFormIFrame-\" + args[(args.length - 1)]); } else { iframe = document.getElementById(\"JotFormIFrame\"); } if (!iframe) { return; } switch (args[0]) { case \"scrollIntoView\": iframe.scrollIntoView(); break; case \"setHeight\": iframe.style.height = args[1] + \"px\"; break; case \"collapseErrorPage\": if (iframe.clientHeight > window.innerHeight) { iframe.style.height = window.innerHeight + \"px\"; } break; case \"reloadPage\": window.location.reload(); break; case \"loadScript\": var src = args[1]; if (args.length > 3) { src = args[1] + ':' + args[2]; } var script = document.createElement('script'); script.src = src; script.type = 'text\/javascript'; document.body.appendChild(script); break; case \"exitFullscreen\": if (window.document.exitFullscreen) window.document.exitFullscreen(); else if (window.document.mozCancelFullScreen) window.document.mozCancelFullScreen(); else if (window.document.mozCancelFullscreen) window.document.mozCancelFullScreen(); else if (window.document.webkitExitFullscreen) window.document.webkitExitFullscreen(); else if (window.document.msExitFullscreen) window.document.msExitFullscreen(); break; } var isJotForm = (e.origin.indexOf(\"jotform\") > -1) ? true : false; if(isJotForm && \"contentWindow\" in iframe && \"postMessage\" in iframe.contentWindow) { var urls = {\"docurl\":encodeURIComponent(document.URL),\"referrer\":encodeURIComponent(document.referrer)}; iframe.contentWindow.postMessage(JSON.stringify({\"type\":\"urls\",\"value\":urls}), \"*\"); } }; if (window.addEventListener) { window.addEventListener(\"message\", handleIFrameMessage, false); } else if (window.attachEvent) { window.attachEvent(\"onmessage\", handleIFrameMessage); } <\/script>\n<!-- \/wp:html --><\/div>\n<!-- \/wp:column -->\n\n<!-- wp:column -->\n<div class=\"wp-block-column\"><!-- wp:group -->\n<div class=\"wp-block-group\"><div class=\"wp-block-group__inner-container\"><!-- wp:paragraph -->\n<p>Voit ottaa yhteytt\u00e4 puhelimitse tai s\u00e4hk\u00f6postitse. Lis\u00e4ksi voit pyyt\u00e4\u00e4 tarjousta tilausajosta vieress\u00e4 olevalla lomakkeella.<\/p>\n<!-- \/wp:paragraph -->\n\n<!-- wp:paragraph -->\n<p>Myyntipalvelu:&nbsp;<a href=\"mailto:myynti@saagatravel.fi\">myynti@saagatravel.fi<\/a>, puh.<a href=\"tel: 08 655 5100\">&nbsp;08&nbsp;655 5100&nbsp;<\/a><\/p>\n<!-- \/wp:paragraph -->\n\n<!-- wp:paragraph -->\n<p><strong>Saaga Travel Oy<\/strong><br>Hakatie 11-13<br>90440 Kempele<\/p>\n<!-- \/wp:paragraph -->\n\n<!-- wp:paragraph -->\n<p>Y-tunnus: 2213373-6<\/p>\n<!-- \/wp:paragraph -->\n\n<!-- wp:heading {\"level\":4} -->\n<h4><strong>Me palvelemme<\/strong><\/h4>\n<!-- \/wp:heading -->\n\n<!-- wp:paragraph -->\n<p><strong>Pentti Tiitinen<\/strong><br>puh. 040&nbsp;652 1082<br><a href=\"mailto:pentti@saagatravel.fi\">pentti@saagatravel.fi<\/a><\/p>\n<!-- \/wp:paragraph -->\n\n<!-- wp:paragraph -->\n<p><strong>Jari-Pekka Kokkonen<\/strong><br>puh. &nbsp;040&nbsp;652 1084<br><a href=\"mailto:jari-pekka@saagatravel.fi\">jari-pekka@saagatravel.fi<\/a><\/p>\n<!-- \/wp:paragraph -->\n\n<!-- wp:paragraph -->\n<p><strong>Kimmo Kokkonen<\/strong><br>puh.&nbsp;&nbsp;040&nbsp;652 1085<br><a href=\"mailto:kimmo.kokkonen@saagatravel.fi\">kimmo.kokkonen@saagatravel.fi<\/a><\/p>\n<!-- \/wp:paragraph -->\n\n<!-- wp:paragraph -->\n<p><strong>Kimmo Kimpim\u00e4ki<\/strong><br>puh. 040&nbsp;652 1087<br><a href=\"mailto:kimmo.kimpimaki@saagatravel.fi\">kimmo.kimpimaki@saagatravel.fi<\/a><\/p>\n<!-- \/wp:paragraph -->\n\n<!-- wp:paragraph -->\n<p><strong>Pekka Kimpim\u00e4ki<\/strong><br>puh. 040&nbsp;652 1065<br><a href=\"mailto:pekka@saagatravel.fi\">pekka@saagatravel.fi<\/a><\/p>\n<!-- \/wp:paragraph -->\n\n<!-- wp:paragraph -->\n<p><strong>Sanna Kimpim\u00e4ki<\/strong><br>puh. 040&nbsp;652 1044<br><a href=\"mailto:sanna@saagatravel.fi\">sanna@saagatravel.fi<\/a><\/p>\n<!-- \/wp:paragraph -->\n\n<!-- wp:paragraph -->\n<p><strong>Petri Luokkanen<\/strong><br>puh. &nbsp;040 652 1089<br><a href=\"mailto:petri.luokkanen@saagatravel.fi\">petri.luokkanen@saagatravel.fi<\/a><\/p>\n<!-- \/wp:paragraph -->\n\n<!-- wp:heading -->\n<h2>Laskutustiedot<\/h2>\n<!-- \/wp:heading -->\n\n<!-- wp:paragraph -->\n<p>Olemme siirtyneet s\u00e4hk\u00f6iseen ostolaskujen k\u00e4sittelyyn. Siksi pyyd\u00e4mme toimittamaan kaikki meille osoitetut laskut verkkolaskuina seuraavaan osoitteeseen:<\/p>\n<!-- \/wp:paragraph -->\n\n<!-- wp:paragraph -->\n<p><strong>Verkkolaskuosoite<\/strong>: 003722133736<br><strong>Operaattoritunnus<\/strong>: 003708599126<br><strong>V\u00e4litt\u00e4j\u00e4<\/strong>: Liaison Technologies Oy<\/p>\n<!-- \/wp:paragraph -->\n\n<!-- wp:paragraph -->\n<p>Mik\u00e4li ette pysty toimittamaan laskuja verkkolaskuina, pyyd\u00e4mme toimittamaan laskut paperisena osoitteeseen:<\/p>\n<!-- \/wp:paragraph -->\n\n<!-- wp:paragraph -->\n<p>Saaga Travel Oy,<br>Hakatie 11-13,<br>90440 Kempele<\/p>\n<!-- \/wp:paragraph -->\n\n<!-- wp:paragraph -->\n<p>Laskuja voi toimittaa my\u00f6s s\u00e4hk\u00f6postilla osoitteeseen myynti@saagatravel.fi<\/p>\n<!-- \/wp:paragraph -->\n\n<!-- wp:paragraph -->\n<p>Lis\u00e4tietoja antaa Sanna Kimpim\u00e4ki, sanna@saagatravel.fi, p.040 540 7880<\/p>\n<!-- \/wp:paragraph --><\/div><\/div>\n<!-- \/wp:group --><\/div>\n<!-- \/wp:column --><\/div>\n<!-- \/wp:columns -->","_et_gb_content_width":"","footnotes":""},"class_list":["post-1437","page","type-page","status-publish","hentry"],"yoast_head":"<!-- This site is optimized with the Yoast SEO plugin v25.6 - https:\/\/yoast.com\/wordpress\/plugins\/seo\/ -->\n<title>Yhteys - Saaga Travel<\/title>\n<meta name=\"robots\" content=\"noindex, follow, max-snippet:-1, max-image-preview:large, max-video-preview:-1\" \/>\n<meta property=\"og:locale\" content=\"fi_FI\" \/>\n<meta property=\"og:type\" content=\"article\" \/>\n<meta property=\"og:title\" content=\"Yhteys - Saaga Travel\" \/>\n<meta property=\"og:description\" content=\"YhteysYhteyslomake Voit ottaa yhteytt\u00e4 puhelimitse tai s\u00e4hk\u00f6postitse. Lis\u00e4ksi voit pyyt\u00e4\u00e4 tarjousta tilausajosta vieress\u00e4 olevalla lomakkeella. Toivomme saavamme mahdolliset asiakaspalautteet osoitteeseen myynti@saagatravel.fi. Myyntipalvelu: Oulu:\u00a0myynti@saagatravel.fi, puh. 08 655 5100Rovaniemi: rovaniemi@saagatravel.fi, puh. 0400 694 952 Saaga Travel OyPajakuja 190460 Oulunsalo Y-tunnus: 2213373-6\u00a0 Me palvelemme Sanna Kimpim\u00e4ki, toimitusjohtajapuh. 040\u00a0652 1044sanna@saagatravel.fi Pekka Kimpim\u00e4ki, liiketoimintajohtajapuh. 040\u00a0652 1065pekka@saagatravel.fi Kimmo Kokkonen, tilausajomyyntipuh.\u00a0\u00a0040\u00a0652 1085kimmo.kokkonen@saagatravel.fi [&hellip;]\" \/>\n<meta property=\"og:url\" content=\"https:\/\/vanha.saagatravel.fi\/?page_id=1437\" \/>\n<meta property=\"og:site_name\" content=\"Saaga Travel\" \/>\n<meta property=\"article:publisher\" content=\"https:\/\/www.facebook.com\/saagatravel\/\" \/>\n<meta property=\"article:modified_time\" content=\"2024-02-25T12:50:06+00:00\" \/>\n<meta property=\"og:image\" content=\"https:\/\/vanha.saagatravel.fi\/wp-content\/uploads\/2019\/07\/Tilausajot-Bussi-Oulu-Saaga-Travel.jpg\" \/>\n\t<meta property=\"og:image:width\" content=\"1200\" \/>\n\t<meta property=\"og:image:height\" content=\"900\" \/>\n\t<meta property=\"og:image:type\" content=\"image\/jpeg\" \/>\n<meta name=\"twitter:card\" content=\"summary_large_image\" \/>\n<meta name=\"twitter:label1\" content=\"Arvioitu lukuaika\" \/>\n\t<meta name=\"twitter:data1\" content=\"2 minuuttia\" \/>\n<script type=\"application\/ld+json\" class=\"yoast-schema-graph\">{\"@context\":\"https:\/\/schema.org\",\"@graph\":[{\"@type\":\"WebPage\",\"@id\":\"https:\/\/vanha.saagatravel.fi\/?page_id=1437\",\"url\":\"https:\/\/vanha.saagatravel.fi\/?page_id=1437\",\"name\":\"Yhteys - Saaga Travel\",\"isPartOf\":{\"@id\":\"https:\/\/vanha.saagatravel.fi\/#website\"},\"datePublished\":\"2019-10-09T11:22:17+00:00\",\"dateModified\":\"2024-02-25T12:50:06+00:00\",\"breadcrumb\":{\"@id\":\"https:\/\/vanha.saagatravel.fi\/?page_id=1437#breadcrumb\"},\"inLanguage\":\"fi\",\"potentialAction\":[{\"@type\":\"ReadAction\",\"target\":[\"https:\/\/vanha.saagatravel.fi\/?page_id=1437\"]}]},{\"@type\":\"BreadcrumbList\",\"@id\":\"https:\/\/vanha.saagatravel.fi\/?page_id=1437#breadcrumb\",\"itemListElement\":[{\"@type\":\"ListItem\",\"position\":1,\"name\":\"Home\",\"item\":\"https:\/\/vanha.saagatravel.fi\/\"},{\"@type\":\"ListItem\",\"position\":2,\"name\":\"Yhteys\"}]},{\"@type\":\"WebSite\",\"@id\":\"https:\/\/vanha.saagatravel.fi\/#website\",\"url\":\"https:\/\/vanha.saagatravel.fi\/\",\"name\":\"Saaga Travel\",\"description\":\"Tilausajot ja ryhm\u00e4kuljetukset Oulun seudulla\",\"publisher\":{\"@id\":\"https:\/\/vanha.saagatravel.fi\/#organization\"},\"potentialAction\":[{\"@type\":\"SearchAction\",\"target\":{\"@type\":\"EntryPoint\",\"urlTemplate\":\"https:\/\/vanha.saagatravel.fi\/?s={search_term_string}\"},\"query-input\":{\"@type\":\"PropertyValueSpecification\",\"valueRequired\":true,\"valueName\":\"search_term_string\"}}],\"inLanguage\":\"fi\"},{\"@type\":\"Organization\",\"@id\":\"https:\/\/vanha.saagatravel.fi\/#organization\",\"name\":\"Saaga Travel Oy\",\"url\":\"https:\/\/vanha.saagatravel.fi\/\",\"logo\":{\"@type\":\"ImageObject\",\"inLanguage\":\"fi\",\"@id\":\"https:\/\/vanha.saagatravel.fi\/#\/schema\/logo\/image\/\",\"url\":\"https:\/\/vanha.saagatravel.fi\/wp-content\/uploads\/2019\/07\/saagat.png\",\"contentUrl\":\"https:\/\/vanha.saagatravel.fi\/wp-content\/uploads\/2019\/07\/saagat.png\",\"width\":500,\"height\":200,\"caption\":\"Saaga Travel Oy\"},\"image\":{\"@id\":\"https:\/\/vanha.saagatravel.fi\/#\/schema\/logo\/image\/\"},\"sameAs\":[\"https:\/\/www.facebook.com\/saagatravel\/\"]}]}<\/script>\n<!-- \/ Yoast SEO plugin. -->","yoast_head_json":{"title":"Yhteys - Saaga Travel","robots":{"index":"noindex","follow":"follow","max-snippet":"max-snippet:-1","max-image-preview":"max-image-preview:large","max-video-preview":"max-video-preview:-1"},"og_locale":"fi_FI","og_type":"article","og_title":"Yhteys - Saaga Travel","og_description":"YhteysYhteyslomake Voit ottaa yhteytt\u00e4 puhelimitse tai s\u00e4hk\u00f6postitse. Lis\u00e4ksi voit pyyt\u00e4\u00e4 tarjousta tilausajosta vieress\u00e4 olevalla lomakkeella. Toivomme saavamme mahdolliset asiakaspalautteet osoitteeseen myynti@saagatravel.fi. Myyntipalvelu: Oulu:\u00a0myynti@saagatravel.fi, puh. 08 655 5100Rovaniemi: rovaniemi@saagatravel.fi, puh. 0400 694 952 Saaga Travel OyPajakuja 190460 Oulunsalo Y-tunnus: 2213373-6\u00a0 Me palvelemme Sanna Kimpim\u00e4ki, toimitusjohtajapuh. 040\u00a0652 1044sanna@saagatravel.fi Pekka Kimpim\u00e4ki, liiketoimintajohtajapuh. 040\u00a0652 1065pekka@saagatravel.fi Kimmo Kokkonen, tilausajomyyntipuh.\u00a0\u00a0040\u00a0652 1085kimmo.kokkonen@saagatravel.fi [&hellip;]","og_url":"https:\/\/vanha.saagatravel.fi\/?page_id=1437","og_site_name":"Saaga Travel","article_publisher":"https:\/\/www.facebook.com\/saagatravel\/","article_modified_time":"2024-02-25T12:50:06+00:00","og_image":[{"width":1200,"height":900,"url":"https:\/\/vanha.saagatravel.fi\/wp-content\/uploads\/2019\/07\/Tilausajot-Bussi-Oulu-Saaga-Travel.jpg","type":"image\/jpeg"}],"twitter_card":"summary_large_image","twitter_misc":{"Arvioitu lukuaika":"2 minuuttia"},"schema":{"@context":"https:\/\/schema.org","@graph":[{"@type":"WebPage","@id":"https:\/\/vanha.saagatravel.fi\/?page_id=1437","url":"https:\/\/vanha.saagatravel.fi\/?page_id=1437","name":"Yhteys - Saaga Travel","isPartOf":{"@id":"https:\/\/vanha.saagatravel.fi\/#website"},"datePublished":"2019-10-09T11:22:17+00:00","dateModified":"2024-02-25T12:50:06+00:00","breadcrumb":{"@id":"https:\/\/vanha.saagatravel.fi\/?page_id=1437#breadcrumb"},"inLanguage":"fi","potentialAction":[{"@type":"ReadAction","target":["https:\/\/vanha.saagatravel.fi\/?page_id=1437"]}]},{"@type":"BreadcrumbList","@id":"https:\/\/vanha.saagatravel.fi\/?page_id=1437#breadcrumb","itemListElement":[{"@type":"ListItem","position":1,"name":"Home","item":"https:\/\/vanha.saagatravel.fi\/"},{"@type":"ListItem","position":2,"name":"Yhteys"}]},{"@type":"WebSite","@id":"https:\/\/vanha.saagatravel.fi\/#website","url":"https:\/\/vanha.saagatravel.fi\/","name":"Saaga Travel","description":"Tilausajot ja ryhm\u00e4kuljetukset Oulun seudulla","publisher":{"@id":"https:\/\/vanha.saagatravel.fi\/#organization"},"potentialAction":[{"@type":"SearchAction","target":{"@type":"EntryPoint","urlTemplate":"https:\/\/vanha.saagatravel.fi\/?s={search_term_string}"},"query-input":{"@type":"PropertyValueSpecification","valueRequired":true,"valueName":"search_term_string"}}],"inLanguage":"fi"},{"@type":"Organization","@id":"https:\/\/vanha.saagatravel.fi\/#organization","name":"Saaga Travel Oy","url":"https:\/\/vanha.saagatravel.fi\/","logo":{"@type":"ImageObject","inLanguage":"fi","@id":"https:\/\/vanha.saagatravel.fi\/#\/schema\/logo\/image\/","url":"https:\/\/vanha.saagatravel.fi\/wp-content\/uploads\/2019\/07\/saagat.png","contentUrl":"https:\/\/vanha.saagatravel.fi\/wp-content\/uploads\/2019\/07\/saagat.png","width":500,"height":200,"caption":"Saaga Travel Oy"},"image":{"@id":"https:\/\/vanha.saagatravel.fi\/#\/schema\/logo\/image\/"},"sameAs":["https:\/\/www.facebook.com\/saagatravel\/"]}]}},"_links":{"self":[{"href":"https:\/\/vanha.saagatravel.fi\/index.php?rest_route=\/wp\/v2\/pages\/1437"}],"collection":[{"href":"https:\/\/vanha.saagatravel.fi\/index.php?rest_route=\/wp\/v2\/pages"}],"about":[{"href":"https:\/\/vanha.saagatravel.fi\/index.php?rest_route=\/wp\/v2\/types\/page"}],"author":[{"embeddable":true,"href":"https:\/\/vanha.saagatravel.fi\/index.php?rest_route=\/wp\/v2\/users\/1"}],"replies":[{"embeddable":true,"href":"https:\/\/vanha.saagatravel.fi\/index.php?rest_route=%2Fwp%2Fv2%2Fcomments&post=1437"}],"version-history":[{"count":58,"href":"https:\/\/vanha.saagatravel.fi\/index.php?rest_route=\/wp\/v2\/pages\/1437\/revisions"}],"predecessor-version":[{"id":24231,"href":"https:\/\/vanha.saagatravel.fi\/index.php?rest_route=\/wp\/v2\/pages\/1437\/revisions\/24231"}],"wp:attachment":[{"href":"https:\/\/vanha.saagatravel.fi\/index.php?rest_route=%2Fwp%2Fv2%2Fmedia&parent=1437"}],"curies":[{"name":"wp","href":"https:\/\/api.w.org\/{rel}","templated":true}]}}