{"id":1828,"date":"2019-10-21T14:13:06","date_gmt":"2019-10-21T14:13:06","guid":{"rendered":"https:\/\/vanha.saagatravel.fi\/?page_id=1828"},"modified":"2022-10-12T09:48:04","modified_gmt":"2022-10-12T09:48:04","slug":"tietoa-meista","status":"publish","type":"page","link":"https:\/\/vanha.saagatravel.fi\/?page_id=1828","title":{"rendered":"Tietoa meist\u00e4"},"content":{"rendered":"<p>[et_pb_section fb_built=&#8221;1&#8243; fullwidth=&#8221;on&#8221; _builder_version=&#8221;4.4.2&#8243;][et_pb_fullwidth_header _builder_version=&#8221;4.4.2&#8243; title_font_size=&#8221;49px&#8221; background_enable_color=&#8221;off&#8221; background_image=&#8221;https:\/\/vanha.saagatravel.fi\/wp-content\/uploads\/2019\/09\/20190923_153711&#8211;scaled.jpg&#8221; custom_padding=&#8221;320px||||false|false&#8221; title_font_size_tablet=&#8221;&#8221; title_font_size_phone=&#8221;45px&#8221; title_font_size_last_edited=&#8221;on|phone&#8221;]<\/p>\n<h1 style=\"text-align: center;\"><strong><\/strong><\/h1>\n<h1 style=\"text-align: center;\"><strong><\/strong><\/h1>\n<h1 style=\"text-align: center;\"><strong><\/strong><\/h1>\n<h1 style=\"text-align: center;\"><strong>Tietoa meist\u00e4<\/strong><\/h1>\n<p>[\/et_pb_fullwidth_header][\/et_pb_section][et_pb_section fb_built=&#8221;1&#8243; _builder_version=&#8221;4.4.2&#8243;][et_pb_row column_structure=&#8221;3_5,2_5&#8243; _builder_version=&#8221;4.4.2&#8243;][et_pb_column type=&#8221;3_5&#8243; _builder_version=&#8221;4.4.2&#8243;][et_pb_text _builder_version=&#8221;4.9.4&#8243;]<\/p>\n<p>Kes\u00e4kuun 19. p\u00e4iv\u00e4 2019 R.Sassin Liikenne Oy vaihtoi omistajaa. Samalla yhti\u00f6n nimi on muutettiin Saaga Travel Oy:ksi. Yhti\u00f6n ostivat Sanna ja Pekka Kimpim\u00e4ki, Pentti Tiitinen ja Jari-Pekka Kokkonen, pitk\u00e4aikaisia alan konkareita ja ty\u00f6kavereita. Lis\u00e4ksi yhti\u00f6ss\u00e4 olivat alkuvaiheessa mukana Juha Kuukasj\u00e4rvi, Hotelli Iso-Sy\u00f6tteen omistaja ja yritt\u00e4j\u00e4 sek\u00e4 Mauno Saraj\u00e4rvi, monialayritt\u00e4j\u00e4 Sy\u00f6tteelt\u00e4.<\/p>\n<p>Myynti- ja kuljettajajoukkoomme liittyiv\u00e4t heti alussa my\u00f6s entinen ty\u00f6kaverimme, alan kova osaaja Kimmo Kokkonen sek\u00e4 vahva joukko tuttuja, kokeneita tilausajokuljettajia.<\/p>\n<p>My\u00f6hemmin tapahtuneiden omistusj\u00e4rjestelyjen my\u00f6t\u00e4 Kuukasj\u00e4rvi ja Saraj\u00e4rvi ovat irtautuneet omistajuudesta ja uusiksi yhti\u00f6kumppaneiksi ovat eri vaiheissa tulleet liikenn\u00f6innist\u00e4 vastaava Kimmo Kokkonen, kansainv\u00e4lisen kaupan kehitt\u00e4misest\u00e4 vastaava Johanna Salmela, korjaamotoiminnasta vastaava Petri Luokkanen sek\u00e4 taloushallinnon ammattilainen Sami Lylander.<\/p>\n<p>Korona-aika oli yrityksellemme vaikea, mutta yritt\u00e4j\u00e4n sinnikkyydell\u00e4 selvisimme yli siit\u00e4kin. T\u00e4ll\u00e4 hetkell\u00e4 tulevaisuus n\u00e4ytt\u00e4\u00e4 valoisalta. <span>Yhti\u00f6mme on saavuttanut lyhyess\u00e4 ajassa merkitt\u00e4v\u00e4n aseman tilausajomarkkinassa Oulun talousalueella. My\u00f6s kansainv\u00e4linen kysynt\u00e4 kasvaa koko ajan.<\/span><\/p>\n<p>Syyskuussa 2022 otimme uuden rohkean kehitysaskeleen <span>ostamalla rovaniemel\u00e4isen Tilausajo VM Mikkola Oy:n koko osakekannan. Tehty kauppa mahdollistaa omien matkatuotteidemme tehokkaamman tarjonnan kansainv\u00e4lisille asiakkaille sek\u00e4 kotimaisten asiakkaidemme kokonaisvaltaisemman palvelun koko Pohjois-Suomen alueella.<\/span><\/p>\n<p><strong>Visiomme<\/strong><\/p>\n<p>Visiomme on olla laadullisesti ja toiminnallisesti johtava henkil\u00f6kuljetusyhti\u00f6 toimialueellamme. T\u00e4t\u00e4 visiota kohti kuljemme ahkeruudella, innostuneisuudella, innovatiivisuudella sek\u00e4 sitoutuneisuudella.<\/p>\n<p>Arvomme pohjautuvat henkil\u00f6st\u00f6n ja asiakkuuksien kunnioitukseen, tehokkuuteen, kannattavuuteen ja edell\u00e4k\u00e4vijyyteen. Kaikki p\u00e4\u00e4t\u00f6ksemme perustuvat n\u00e4ihin arvoihin.<\/p>\n<p><strong>Kalustomme<\/strong><\/p>\n<p>Kalustomme on monipuolinen. Saaga Travel Gold palvelu perustuu mustiin, t\u00e4ydellisesti varusteltuihin VIP-autoihin. Gold-kalusto muodostuu t\u00e4ll\u00e4 hetkell\u00e4 MB E-mallin sedanista sek\u00e4 11- ja 18-paikkaisista Sprinter pikkubusseista. Isompi bussikalusto muodostuu 48- paikkaisesta turistibussista aina 79- paikkaiseen luxus-jumbo kaksikerrosbussiin. Kaikki automme ovat t\u00e4ydellisesti varusteltuja ja todella siistej\u00e4. Autojemme varusteluun kuuluu mm. latauspistokkeet kaikille matkustajille, langaton wifi, wc, ilmastointi, j\u00e4\u00e4kaappi, n\u00e4yt\u00f6t yms.<\/p>\n<p><strong>Palvelumme<\/strong><\/p>\n<p>Palvelussamme keskitymme kolmeen kokonaisuuteen<\/p>\n<ul>\n<li><em>Tilausajot\u00a0<\/em>muodostava perustan toiminnallemme. Tarjoamme eri kokoisille ryhmille laadukkaan kuljetuksen haluttuun kohteeseen.<\/li>\n<li><em>Matkapaketit\u00a0<\/em>ovat kokonaisvaltainen palvelu, jossa matkaan sis\u00e4llytet\u00e4\u00e4n kaikki mit\u00e4 matkallasi tarvitset. Bussikyyti, ruokailut, aktiviteetit, opastukset, majoitukset yms. Kerro meille mit\u00e4 tarvitsette, me teemme ehdotuksen joka yhdess\u00e4 viilataan Teille sopivaksi kokonaisuudeksi.<\/li>\n<li><em>Kansainv\u00e4linen kauppa\u00a0<\/em>on voimakkaasti kasvava osa-alue toiminnassamme. Palvelemme matkanj\u00e4rjest\u00e4ji\u00e4 ammattitaidolla ja vahvalla kokemuksella.<\/li>\n<\/ul>\n<p>Toimistomme sijaitsee Kempeleess\u00e4 Hakamaalla, osoitteessa Hakatie 15, 90440 Kempele. Olet tervetullut tapaamaan meit\u00e4 my\u00f6s toimistollemme arkisin 8-16. Puhelimitse ja s\u00e4hk\u00f6postilla tavoitat meid\u00e4t my\u00f6s iltaisin.<\/p>\n<p>Toivottavasti saamme kuulla Teist\u00e4 mahdollisimman pian.<\/p>\n<p><a href=\"\/yhteys\">Ota yhteytt\u00e4<\/a><\/p>\n<p>&nbsp;<\/p>\n<p>[\/et_pb_text][\/et_pb_column][et_pb_column type=&#8221;2_5&#8243; _builder_version=&#8221;4.4.2&#8243;][et_pb_text _builder_version=&#8221;4.9.4&#8243; custom_padding=&#8221;|||30px|false|false&#8221; hover_enabled=&#8221;0&#8243; border_width_left=&#8221;6px&#8221; border_color_left=&#8221;#f5821f&#8221; sticky_enabled=&#8221;0&#8243;]<\/p>\n<h2><strong>Kysy lis\u00e4\u00e4\u00a0<\/strong><\/h2>\n<p>myyntipalvelustamme joko puhelimella\u00a0<a href=\"tel:08\u00a0655205100\"><br \/><\/a>08 655 5100 tai s\u00e4hk\u00f6postilla <a href=\"mailto:myynti@saagatravel.fi\">myynti@saagatravel.fi<\/a><\/p>\n<p>[\/et_pb_text][\/et_pb_column][\/et_pb_row][et_pb_row column_structure=&#8221;1_2,1_2&#8243; use_custom_gutter=&#8221;on&#8221; gutter_width=&#8221;1&#8243; _builder_version=&#8221;4.4.2&#8243; width=&#8221;100%&#8221; max_width=&#8221;100%&#8221; custom_margin=&#8221;0px||0px||false|false&#8221; custom_padding=&#8221;0px||0px||false|false&#8221;][et_pb_column type=&#8221;1_2&#8243; _builder_version=&#8221;4.4.2&#8243;][et_pb_text _builder_version=&#8221;4.4.2&#8243; background_image=&#8221;https:\/\/vanha.saagatravel.fi\/wp-content\/uploads\/2020\/04\/isotbussit.jpg&#8221; custom_margin=&#8221;||||false|false&#8221; custom_padding=&#8221;160px||160px||false|false&#8221; link_option_url=&#8221;https:\/\/vanha.saagatravel.fi\/galleria-isotbussit\/&#8221;]<\/p>\n<h2 style=\"text-align: center;\"><span style=\"color: #ffffff;\"><strong>Galleria: isot bussit<\/strong><\/span><\/h2>\n<p style=\"text-align: center;\"><strong><img loading=\"lazy\" decoding=\"async\" src=\"https:\/\/vanha.saagatravel.fi\/wp-content\/uploads\/2020\/04\/orange-line.jpg\" width=\"96\" height=\"6\" alt=\"\" class=\"wp-image-4572 alignnone size-full\" \/><\/strong><\/p>\n<p>[\/et_pb_text][\/et_pb_column][et_pb_column type=&#8221;1_2&#8243; _builder_version=&#8221;4.4.2&#8243;][et_pb_text _builder_version=&#8221;4.4.2&#8243; background_image=&#8221;https:\/\/vanha.saagatravel.fi\/wp-content\/uploads\/2020\/04\/saaga-travelgold.jpg&#8221; custom_margin=&#8221;||||false|false&#8221; custom_padding=&#8221;160px||160px||false|false&#8221; link_option_url=&#8221;https:\/\/vanha.saagatravel.fi\/saagatravelgold\/&#8221;]<\/p>\n<h2 style=\"text-align: center;\"><span style=\"color: #ffffff;\"><strong>Galleria: SaagaTravel Gold<\/strong><\/span><\/h2>\n<p style=\"text-align: center;\"><strong><img loading=\"lazy\" decoding=\"async\" src=\"https:\/\/vanha.saagatravel.fi\/wp-content\/uploads\/2020\/04\/orange-line.jpg\" width=\"96\" height=\"6\" alt=\"\" class=\"wp-image-4572 alignnone size-full\" \/><\/strong><\/p>\n<p>[\/et_pb_text][\/et_pb_column][\/et_pb_row][\/et_pb_section][et_pb_section fb_built=&#8221;1&#8243; _builder_version=&#8221;4.4.2&#8243;][et_pb_row _builder_version=&#8221;4.4.2&#8243;][et_pb_column type=&#8221;4_4&#8243; _builder_version=&#8221;4.4.2&#8243;][et_pb_text _builder_version=&#8221;4.4.2&#8243; text_font_size=&#8221;26px&#8221;]<\/p>\n<h2 style=\"text-align: center;\"><strong>Tilaa uutiskirjeemme<\/strong><\/h2>\n<p style=\"text-align: center;\">ja tied\u00e4t ensimm\u00e4isen\u00e4 uusista matkoista ja kohteista<\/p>\n<p>[\/et_pb_text][et_pb_contact_form captcha=&#8221;off&#8221; email=&#8221;accounts@valfi.fi&#8221; success_message=&#8221;Kiitos viestist\u00e4si&#8221; submit_button_text=&#8221;L\u00e4het\u00e4&#8221; _builder_version=&#8221;4.4.2&#8243; form_field_text_align=&#8221;center&#8221; custom_button=&#8221;on&#8221; button_text_color=&#8221;#ffffff&#8221; button_bg_color=&#8221;#f5821f&#8221; button_icon_placement=&#8221;left&#8221;][et_pb_contact_field field_id=&#8221;Name&#8221; field_title=&#8221;NIMI&#8221; _builder_version=&#8221;4.4.2&#8243; button_text_size__hover_enabled=&#8221;off&#8221; button_one_text_size__hover_enabled=&#8221;off&#8221; button_two_text_size__hover_enabled=&#8221;off&#8221; button_text_color__hover_enabled=&#8221;off&#8221; button_one_text_color__hover_enabled=&#8221;off&#8221; button_two_text_color__hover_enabled=&#8221;off&#8221; button_border_width__hover_enabled=&#8221;off&#8221; button_one_border_width__hover_enabled=&#8221;off&#8221; button_two_border_width__hover_enabled=&#8221;off&#8221; button_border_color__hover_enabled=&#8221;off&#8221; button_one_border_color__hover_enabled=&#8221;off&#8221; button_two_border_color__hover_enabled=&#8221;off&#8221; button_border_radius__hover_enabled=&#8221;off&#8221; button_one_border_radius__hover_enabled=&#8221;off&#8221; button_two_border_radius__hover_enabled=&#8221;off&#8221; button_letter_spacing__hover_enabled=&#8221;off&#8221; button_one_letter_spacing__hover_enabled=&#8221;off&#8221; button_two_letter_spacing__hover_enabled=&#8221;off&#8221; button_bg_color__hover_enabled=&#8221;off&#8221; button_one_bg_color__hover_enabled=&#8221;off&#8221; button_two_bg_color__hover_enabled=&#8221;off&#8221;][\/et_pb_contact_field][et_pb_contact_field field_id=&#8221;Email&#8221; field_title=&#8221;S\u00c4HK\u00d6POSTI&#8221; field_type=&#8221;email&#8221; _builder_version=&#8221;4.4.2&#8243; button_text_size__hover_enabled=&#8221;off&#8221; button_one_text_size__hover_enabled=&#8221;off&#8221; button_two_text_size__hover_enabled=&#8221;off&#8221; button_text_color__hover_enabled=&#8221;off&#8221; button_one_text_color__hover_enabled=&#8221;off&#8221; button_two_text_color__hover_enabled=&#8221;off&#8221; button_border_width__hover_enabled=&#8221;off&#8221; button_one_border_width__hover_enabled=&#8221;off&#8221; button_two_border_width__hover_enabled=&#8221;off&#8221; button_border_color__hover_enabled=&#8221;off&#8221; button_one_border_color__hover_enabled=&#8221;off&#8221; button_two_border_color__hover_enabled=&#8221;off&#8221; button_border_radius__hover_enabled=&#8221;off&#8221; button_one_border_radius__hover_enabled=&#8221;off&#8221; button_two_border_radius__hover_enabled=&#8221;off&#8221; button_letter_spacing__hover_enabled=&#8221;off&#8221; button_one_letter_spacing__hover_enabled=&#8221;off&#8221; button_two_letter_spacing__hover_enabled=&#8221;off&#8221; button_bg_color__hover_enabled=&#8221;off&#8221; button_one_bg_color__hover_enabled=&#8221;off&#8221; button_two_bg_color__hover_enabled=&#8221;off&#8221;][\/et_pb_contact_field][\/et_pb_contact_form][et_pb_code _builder_version=&#8221;4.4.2&#8243;]<\/p>\n<style><!-- [et_pb_line_break_holder] -->  .et_contact_bottom_container {<!-- [et_pb_line_break_holder] -->float: inherit!important; *\/<!-- [et_pb_line_break_holder] --><!-- [et_pb_line_break_holder] -->margin-top: -1.5%;<!-- [et_pb_line_break_holder] -->display: -moz-flex;<!-- [et_pb_line_break_holder] -->display: -ms-flex;<!-- [et_pb_line_break_holder] -->display: -webkit-box;<!-- [et_pb_line_break_holder] -->display: -ms-flexbox;<!-- [et_pb_line_break_holder] -->display: flex;<!-- [et_pb_line_break_holder] -->display: compact;<!-- [et_pb_line_break_holder] -->margmargin: 10;<!-- [et_pb_line_break_holder] -->margin: auto!important;<!-- [et_pb_line_break_holder] -->width: 10%!important;<!-- [et_pb_line_break_holder] -->}<!-- [et_pb_line_break_holder] --><\/style>\n<p>[\/et_pb_code][\/et_pb_column][\/et_pb_row][\/et_pb_section]<\/p>\n","protected":false},"excerpt":{"rendered":"<p>Tietoa meist\u00e4Kes\u00e4kuun 19. p\u00e4iv\u00e4 2019 R.Sassin Liikenne Oy vaihtoi omistajaa. Samalla yhti\u00f6n nimi on muutettiin Saaga Travel Oy:ksi. Yhti\u00f6n ostivat Sanna ja Pekka Kimpim\u00e4ki, Pentti Tiitinen ja Jari-Pekka Kokkonen, pitk\u00e4aikaisia alan konkareita ja ty\u00f6kavereita. Lis\u00e4ksi yhti\u00f6ss\u00e4 olivat alkuvaiheessa mukana Juha Kuukasj\u00e4rvi, Hotelli Iso-Sy\u00f6tteen omistaja ja yritt\u00e4j\u00e4 sek\u00e4 Mauno Saraj\u00e4rvi, monialayritt\u00e4j\u00e4 Sy\u00f6tteelt\u00e4. Myynti- ja kuljettajajoukkoomme liittyiv\u00e4t [&hellip;]<\/p>\n","protected":false},"author":1,"featured_media":0,"parent":0,"menu_order":0,"comment_status":"closed","ping_status":"closed","template":"","meta":{"_et_pb_use_builder":"on","_et_pb_old_content":"","_et_gb_content_width":"","footnotes":""},"class_list":["post-1828","page","type-page","status-publish","hentry"],"yoast_head":"<!-- This site is optimized with the Yoast SEO plugin v25.6 - https:\/\/yoast.com\/wordpress\/plugins\/seo\/ -->\n<title>Tietoa meist\u00e4 - Saaga Travel<\/title>\n<meta name=\"robots\" content=\"noindex, follow, max-snippet:-1, max-image-preview:large, max-video-preview:-1\" \/>\n<meta property=\"og:locale\" content=\"fi_FI\" \/>\n<meta property=\"og:type\" content=\"article\" \/>\n<meta property=\"og:title\" content=\"Tietoa meist\u00e4 - Saaga Travel\" \/>\n<meta property=\"og:description\" content=\"Tietoa meist\u00e4Kes\u00e4kuun 19. p\u00e4iv\u00e4 2019 R.Sassin Liikenne Oy vaihtoi omistajaa. Samalla yhti\u00f6n nimi on muutettiin Saaga Travel Oy:ksi. Yhti\u00f6n ostivat Sanna ja Pekka Kimpim\u00e4ki, Pentti Tiitinen ja Jari-Pekka Kokkonen, pitk\u00e4aikaisia alan konkareita ja ty\u00f6kavereita. Lis\u00e4ksi yhti\u00f6ss\u00e4 olivat alkuvaiheessa mukana Juha Kuukasj\u00e4rvi, Hotelli Iso-Sy\u00f6tteen omistaja ja yritt\u00e4j\u00e4 sek\u00e4 Mauno Saraj\u00e4rvi, monialayritt\u00e4j\u00e4 Sy\u00f6tteelt\u00e4. Myynti- ja kuljettajajoukkoomme liittyiv\u00e4t [&hellip;]\" \/>\n<meta property=\"og:url\" content=\"https:\/\/vanha.saagatravel.fi\/?page_id=1828\" \/>\n<meta property=\"og:site_name\" content=\"Saaga Travel\" \/>\n<meta property=\"article:publisher\" content=\"https:\/\/www.facebook.com\/saagatravel\/\" \/>\n<meta property=\"article:modified_time\" content=\"2022-10-12T09:48:04+00:00\" \/>\n<meta property=\"og:image\" content=\"https:\/\/vanha.saagatravel.fi\/wp-content\/uploads\/2020\/04\/orange-line.jpg\" \/>\n<meta name=\"twitter:card\" content=\"summary_large_image\" \/>\n<meta name=\"twitter:label1\" content=\"Arvioitu lukuaika\" \/>\n\t<meta name=\"twitter:data1\" content=\"6 minuuttia\" \/>\n<script type=\"application\/ld+json\" class=\"yoast-schema-graph\">{\"@context\":\"https:\/\/schema.org\",\"@graph\":[{\"@type\":\"WebPage\",\"@id\":\"https:\/\/vanha.saagatravel.fi\/?page_id=1828\",\"url\":\"https:\/\/vanha.saagatravel.fi\/?page_id=1828\",\"name\":\"Tietoa meist\u00e4 - Saaga Travel\",\"isPartOf\":{\"@id\":\"https:\/\/vanha.saagatravel.fi\/#website\"},\"primaryImageOfPage\":{\"@id\":\"https:\/\/vanha.saagatravel.fi\/?page_id=1828#primaryimage\"},\"image\":{\"@id\":\"https:\/\/vanha.saagatravel.fi\/?page_id=1828#primaryimage\"},\"thumbnailUrl\":\"https:\/\/vanha.saagatravel.fi\/wp-content\/uploads\/2020\/04\/orange-line.jpg\",\"datePublished\":\"2019-10-21T14:13:06+00:00\",\"dateModified\":\"2022-10-12T09:48:04+00:00\",\"breadcrumb\":{\"@id\":\"https:\/\/vanha.saagatravel.fi\/?page_id=1828#breadcrumb\"},\"inLanguage\":\"fi\",\"potentialAction\":[{\"@type\":\"ReadAction\",\"target\":[\"https:\/\/vanha.saagatravel.fi\/?page_id=1828\"]}]},{\"@type\":\"ImageObject\",\"inLanguage\":\"fi\",\"@id\":\"https:\/\/vanha.saagatravel.fi\/?page_id=1828#primaryimage\",\"url\":\"https:\/\/vanha.saagatravel.fi\/wp-content\/uploads\/2020\/04\/orange-line.jpg\",\"contentUrl\":\"https:\/\/vanha.saagatravel.fi\/wp-content\/uploads\/2020\/04\/orange-line.jpg\",\"width\":96,\"height\":6},{\"@type\":\"BreadcrumbList\",\"@id\":\"https:\/\/vanha.saagatravel.fi\/?page_id=1828#breadcrumb\",\"itemListElement\":[{\"@type\":\"ListItem\",\"position\":1,\"name\":\"Home\",\"item\":\"https:\/\/vanha.saagatravel.fi\/\"},{\"@type\":\"ListItem\",\"position\":2,\"name\":\"Tietoa meist\u00e4\"}]},{\"@type\":\"WebSite\",\"@id\":\"https:\/\/vanha.saagatravel.fi\/#website\",\"url\":\"https:\/\/vanha.saagatravel.fi\/\",\"name\":\"Saaga Travel\",\"description\":\"Tilausajot ja ryhm\u00e4kuljetukset Oulun seudulla\",\"publisher\":{\"@id\":\"https:\/\/vanha.saagatravel.fi\/#organization\"},\"potentialAction\":[{\"@type\":\"SearchAction\",\"target\":{\"@type\":\"EntryPoint\",\"urlTemplate\":\"https:\/\/vanha.saagatravel.fi\/?s={search_term_string}\"},\"query-input\":{\"@type\":\"PropertyValueSpecification\",\"valueRequired\":true,\"valueName\":\"search_term_string\"}}],\"inLanguage\":\"fi\"},{\"@type\":\"Organization\",\"@id\":\"https:\/\/vanha.saagatravel.fi\/#organization\",\"name\":\"Saaga Travel Oy\",\"url\":\"https:\/\/vanha.saagatravel.fi\/\",\"logo\":{\"@type\":\"ImageObject\",\"inLanguage\":\"fi\",\"@id\":\"https:\/\/vanha.saagatravel.fi\/#\/schema\/logo\/image\/\",\"url\":\"https:\/\/vanha.saagatravel.fi\/wp-content\/uploads\/2019\/07\/saagat.png\",\"contentUrl\":\"https:\/\/vanha.saagatravel.fi\/wp-content\/uploads\/2019\/07\/saagat.png\",\"width\":500,\"height\":200,\"caption\":\"Saaga Travel Oy\"},\"image\":{\"@id\":\"https:\/\/vanha.saagatravel.fi\/#\/schema\/logo\/image\/\"},\"sameAs\":[\"https:\/\/www.facebook.com\/saagatravel\/\"]}]}<\/script>\n<!-- \/ Yoast SEO plugin. -->","yoast_head_json":{"title":"Tietoa meist\u00e4 - Saaga Travel","robots":{"index":"noindex","follow":"follow","max-snippet":"max-snippet:-1","max-image-preview":"max-image-preview:large","max-video-preview":"max-video-preview:-1"},"og_locale":"fi_FI","og_type":"article","og_title":"Tietoa meist\u00e4 - Saaga Travel","og_description":"Tietoa meist\u00e4Kes\u00e4kuun 19. p\u00e4iv\u00e4 2019 R.Sassin Liikenne Oy vaihtoi omistajaa. Samalla yhti\u00f6n nimi on muutettiin Saaga Travel Oy:ksi. Yhti\u00f6n ostivat Sanna ja Pekka Kimpim\u00e4ki, Pentti Tiitinen ja Jari-Pekka Kokkonen, pitk\u00e4aikaisia alan konkareita ja ty\u00f6kavereita. Lis\u00e4ksi yhti\u00f6ss\u00e4 olivat alkuvaiheessa mukana Juha Kuukasj\u00e4rvi, Hotelli Iso-Sy\u00f6tteen omistaja ja yritt\u00e4j\u00e4 sek\u00e4 Mauno Saraj\u00e4rvi, monialayritt\u00e4j\u00e4 Sy\u00f6tteelt\u00e4. Myynti- ja kuljettajajoukkoomme liittyiv\u00e4t [&hellip;]","og_url":"https:\/\/vanha.saagatravel.fi\/?page_id=1828","og_site_name":"Saaga Travel","article_publisher":"https:\/\/www.facebook.com\/saagatravel\/","article_modified_time":"2022-10-12T09:48:04+00:00","og_image":[{"url":"https:\/\/vanha.saagatravel.fi\/wp-content\/uploads\/2020\/04\/orange-line.jpg","type":"","width":"","height":""}],"twitter_card":"summary_large_image","twitter_misc":{"Arvioitu lukuaika":"6 minuuttia"},"schema":{"@context":"https:\/\/schema.org","@graph":[{"@type":"WebPage","@id":"https:\/\/vanha.saagatravel.fi\/?page_id=1828","url":"https:\/\/vanha.saagatravel.fi\/?page_id=1828","name":"Tietoa meist\u00e4 - Saaga Travel","isPartOf":{"@id":"https:\/\/vanha.saagatravel.fi\/#website"},"primaryImageOfPage":{"@id":"https:\/\/vanha.saagatravel.fi\/?page_id=1828#primaryimage"},"image":{"@id":"https:\/\/vanha.saagatravel.fi\/?page_id=1828#primaryimage"},"thumbnailUrl":"https:\/\/vanha.saagatravel.fi\/wp-content\/uploads\/2020\/04\/orange-line.jpg","datePublished":"2019-10-21T14:13:06+00:00","dateModified":"2022-10-12T09:48:04+00:00","breadcrumb":{"@id":"https:\/\/vanha.saagatravel.fi\/?page_id=1828#breadcrumb"},"inLanguage":"fi","potentialAction":[{"@type":"ReadAction","target":["https:\/\/vanha.saagatravel.fi\/?page_id=1828"]}]},{"@type":"ImageObject","inLanguage":"fi","@id":"https:\/\/vanha.saagatravel.fi\/?page_id=1828#primaryimage","url":"https:\/\/vanha.saagatravel.fi\/wp-content\/uploads\/2020\/04\/orange-line.jpg","contentUrl":"https:\/\/vanha.saagatravel.fi\/wp-content\/uploads\/2020\/04\/orange-line.jpg","width":96,"height":6},{"@type":"BreadcrumbList","@id":"https:\/\/vanha.saagatravel.fi\/?page_id=1828#breadcrumb","itemListElement":[{"@type":"ListItem","position":1,"name":"Home","item":"https:\/\/vanha.saagatravel.fi\/"},{"@type":"ListItem","position":2,"name":"Tietoa meist\u00e4"}]},{"@type":"WebSite","@id":"https:\/\/vanha.saagatravel.fi\/#website","url":"https:\/\/vanha.saagatravel.fi\/","name":"Saaga Travel","description":"Tilausajot ja ryhm\u00e4kuljetukset Oulun seudulla","publisher":{"@id":"https:\/\/vanha.saagatravel.fi\/#organization"},"potentialAction":[{"@type":"SearchAction","target":{"@type":"EntryPoint","urlTemplate":"https:\/\/vanha.saagatravel.fi\/?s={search_term_string}"},"query-input":{"@type":"PropertyValueSpecification","valueRequired":true,"valueName":"search_term_string"}}],"inLanguage":"fi"},{"@type":"Organization","@id":"https:\/\/vanha.saagatravel.fi\/#organization","name":"Saaga Travel Oy","url":"https:\/\/vanha.saagatravel.fi\/","logo":{"@type":"ImageObject","inLanguage":"fi","@id":"https:\/\/vanha.saagatravel.fi\/#\/schema\/logo\/image\/","url":"https:\/\/vanha.saagatravel.fi\/wp-content\/uploads\/2019\/07\/saagat.png","contentUrl":"https:\/\/vanha.saagatravel.fi\/wp-content\/uploads\/2019\/07\/saagat.png","width":500,"height":200,"caption":"Saaga Travel Oy"},"image":{"@id":"https:\/\/vanha.saagatravel.fi\/#\/schema\/logo\/image\/"},"sameAs":["https:\/\/www.facebook.com\/saagatravel\/"]}]}},"_links":{"self":[{"href":"https:\/\/vanha.saagatravel.fi\/index.php?rest_route=\/wp\/v2\/pages\/1828"}],"collection":[{"href":"https:\/\/vanha.saagatravel.fi\/index.php?rest_route=\/wp\/v2\/pages"}],"about":[{"href":"https:\/\/vanha.saagatravel.fi\/index.php?rest_route=\/wp\/v2\/types\/page"}],"author":[{"embeddable":true,"href":"https:\/\/vanha.saagatravel.fi\/index.php?rest_route=\/wp\/v2\/users\/1"}],"replies":[{"embeddable":true,"href":"https:\/\/vanha.saagatravel.fi\/index.php?rest_route=%2Fwp%2Fv2%2Fcomments&post=1828"}],"version-history":[{"count":21,"href":"https:\/\/vanha.saagatravel.fi\/index.php?rest_route=\/wp\/v2\/pages\/1828\/revisions"}],"predecessor-version":[{"id":13699,"href":"https:\/\/vanha.saagatravel.fi\/index.php?rest_route=\/wp\/v2\/pages\/1828\/revisions\/13699"}],"wp:attachment":[{"href":"https:\/\/vanha.saagatravel.fi\/index.php?rest_route=%2Fwp%2Fv2%2Fmedia&parent=1828"}],"curies":[{"name":"wp","href":"https:\/\/api.w.org\/{rel}","templated":true}]}}