{"id":18846,"date":"2023-04-28T06:32:59","date_gmt":"2023-04-28T06:32:59","guid":{"rendered":"https:\/\/vanha.saagatravel.fi\/?page_id=18846"},"modified":"2024-05-23T14:12:55","modified_gmt":"2024-05-23T14:12:55","slug":"tivolibussi","status":"publish","type":"page","link":"https:\/\/vanha.saagatravel.fi\/?page_id=18846","title":{"rendered":"Tivolibussi"},"content":{"rendered":"<p>[et_pb_section fb_built=&#8221;1&#8243; fullwidth=&#8221;on&#8221; _builder_version=&#8221;4.4.2&#8243;][et_pb_fullwidth_header _builder_version=&#8221;4.9.4&#8243; title_font_size=&#8221;49px&#8221; background_enable_color=&#8221;off&#8221; background_image=&#8221;https:\/\/vanha.saagatravel.fi\/wp-content\/uploads\/2023\/04\/Tivolibussi-sivu-pieni.jpg&#8221; custom_padding=&#8221;320px||||false|false&#8221; title_font_size_tablet=&#8221;&#8221; title_font_size_phone=&#8221;45px&#8221; title_font_size_last_edited=&#8221;on|phone&#8221;]<\/p>\n<h1 style=\"text-align: center;\"><strong><\/strong><\/h1>\n<h1 style=\"text-align: center;\"><strong><\/strong><\/h1>\n<h1 style=\"text-align: center;\"><strong><\/strong><\/h1>\n<h1 style=\"text-align: center;\"><strong>Tivolibussi<\/strong><\/h1>\n<p>[\/et_pb_fullwidth_header][\/et_pb_section][et_pb_section fb_built=&#8221;1&#8243; _builder_version=&#8221;3.22&#8243; custom_padding=&#8221;63px|||||&#8221;][et_pb_row _builder_version=&#8221;3.25&#8243; background_size=&#8221;initial&#8221; background_position=&#8221;top_left&#8221; background_repeat=&#8221;repeat&#8221;][et_pb_column type=&#8221;4_4&#8243; _builder_version=&#8221;3.25&#8243; custom_padding=&#8221;|||&#8221; custom_padding__hover=&#8221;|||&#8221;][et_pb_text _builder_version=&#8221;4.9.4&#8243; background_size=&#8221;initial&#8221; background_position=&#8221;top_left&#8221; background_repeat=&#8221;repeat&#8221; hover_enabled=&#8221;0&#8243; sticky_enabled=&#8221;0&#8243;]<\/p>\n<p><!-- divi:html \/--><\/p>\n<div class=\"wp-block-columns\">\n<div class=\"wp-block-column\" style=\"flex-basis: 66.66%;\">\n<h1><strong>Tivolibussi<\/strong><\/h1>\n<p><span>Saaga Travelin\u00a0 Tivolibussi kuljettaa <a href=\"https:\/\/www.suomentivoli.fi\/#\/\" target=\"_blank\" rel=\"noopener\">Suomen Tivolin<\/a> asiakkaita reitill\u00e4 Nallikari \u2013 Oulun keskusta \u2013 Zeppelin \u2013 Tivoli\u00a0 ajalla 25.5.-17.8.2024. <\/span><\/p>\n<p>Lippujen hinnat:<\/p>\n<ul>\n<li>Yksi suunta 5 \u20ac<\/li>\n<li>Meno-paluu 8 \u20ac<\/li>\n<li>Perhelippu (4hl\u00f6), suunta 12 \u20ac<\/li>\n<li>Perhelippu meno-paluu 20 \u20ac<\/li>\n<li>Lis\u00e4lapset\/suunta 2 \u20ac<\/li>\n<\/ul>\n<p><span><\/span>Matkalipun voi ostaa bussista joko kortilla tai k\u00e4teisell\u00e4.\u00a0Lipun voi ostaa my\u00f6s Saaga Travelin <a href=\"https:\/\/vanha.saagatravel.fi\/tuote\/tivolibussi-2024\/\">Matkakaupasta.<\/a><\/p>\n<p>Tivolibussin kyytiin voi nousta milt\u00e4 tahansa reitin varren pys\u00e4kilt\u00e4 heilauttamalla k\u00e4tt\u00e4.<\/p>\n<p><strong>Ajoreitti:<\/strong> Nallikari (Edenin edest\u00e4)- Hietasaarentie &#8211; Bertel Jungin tie &#8211; Merikoskenkatu &#8211; Torikatu &#8211; Puistokatu &#8211; Limingantie &#8211; Lentokent\u00e4tien kautta 4-tielle ja siit\u00e4 Zeppeliinin kautta Tivoliin.<\/p>\n<p>* Zeppelinin pys\u00e4kki on E ja D sis\u00e4\u00e4nk\u00e4yntien v\u00e4liss\u00e4.<\/p>\n<p><strong>Aikataulu:<\/strong><\/p>\n<p><strong><a href=\"https:\/\/vanha.saagatravel.fi\/wp-content\/uploads\/2024\/05\/Tivolibussin-aikataulu-2024.pdf\" target=\"_blank\" rel=\"noopener\">Lataa Tivolibussin PDF-aikataulu<\/a><\/strong><\/p>\n<p><strong>Arkisin ma-pe<\/strong><\/p>\n<table width=\"576\">\n<tbody>\n<tr><\/tr>\n<tr>\n<td width=\"173\">Nallikari (Eden)<\/td>\n<td width=\"129\">Pekuri, P<\/td>\n<td width=\"138\">Zeppelin<\/td>\n<td width=\"136\">Tivoli<\/td>\n<\/tr>\n<tr>\n<td><\/td>\n<td><\/td>\n<td><\/td>\n<td><\/td>\n<\/tr>\n<tr>\n<td>\u00a014.05<\/td>\n<td>14.15<\/td>\n<td>14.35<\/td>\n<td>14.45<\/td>\n<\/tr>\n<tr>\n<td>\u00a015.10<\/td>\n<td>15.20<\/td>\n<td>15.40<\/td>\n<td>15.50<\/td>\n<\/tr>\n<tr>\n<td>\u00a016.20<\/td>\n<td>16.30<\/td>\n<td>16.50<\/td>\n<td>17.00<\/td>\n<\/tr>\n<tr>\n<td>\u00a017.25<\/td>\n<td>17.35<\/td>\n<td>17.55<\/td>\n<td>18.05<\/td>\n<\/tr>\n<tr>\n<td><\/td>\n<td><\/td>\n<td><\/td>\n<td><\/td>\n<\/tr>\n<tr>\n<td>Tivoli<\/td>\n<td>Zeppelin<\/td>\n<td>Pekuri, E<\/td>\n<td>Nallikari (Eden)<\/td>\n<\/tr>\n<tr>\n<td><\/td>\n<td><\/td>\n<td><\/td>\n<td><\/td>\n<\/tr>\n<tr>\n<td>19.00<\/td>\n<td>19.05<\/td>\n<td>19.25<\/td>\n<td>19.35<\/td>\n<\/tr>\n<tr>\n<td>20.00<\/td>\n<td>20.05<\/td>\n<td>20.25<\/td>\n<td>20.35<\/td>\n<\/tr>\n<tr>\n<td>21.00<\/td>\n<td>21.05<\/td>\n<td>21.25<\/td>\n<td>21.35<\/td>\n<\/tr>\n<tr>\n<td><\/td>\n<td><\/td>\n<td><\/td>\n<\/tr>\n<\/tbody>\n<\/table>\n<p><strong>La-su<\/strong><\/p>\n<table width=\"576\">\n<tbody>\n<tr>\n<td width=\"173\">Nallikari (Eden)<\/td>\n<td width=\"129\">Pekuri, P<\/td>\n<td width=\"138\">Zeppelin<\/td>\n<td width=\"136\">Tivoli<\/td>\n<\/tr>\n<tr>\n<td><\/td>\n<td><\/td>\n<td><\/td>\n<td><\/td>\n<\/tr>\n<tr>\n<td>\u00a011.05<\/td>\n<td>11.15<\/td>\n<td>11.35<\/td>\n<td>11.45<\/td>\n<\/tr>\n<tr>\n<td>\u00a012.05<\/td>\n<td>12.15<\/td>\n<td>12.35<\/td>\n<td>12.45<\/td>\n<\/tr>\n<tr>\n<td>\u00a013.05<\/td>\n<td>13.15<\/td>\n<td>13.35<\/td>\n<td>13.45<\/td>\n<\/tr>\n<tr>\n<td>\u00a014.05<\/td>\n<td>14.15<\/td>\n<td>14.35<\/td>\n<td>14.45<\/td>\n<\/tr>\n<tr>\n<td>TAUKO<\/td>\n<td><\/td>\n<td><\/td>\n<td><\/td>\n<\/tr>\n<tr>\n<td>\u00a016.15<\/td>\n<td>16.25<\/td>\n<td>16.45<\/td>\n<td>16.55<\/td>\n<\/tr>\n<tr>\n<td>17.45<\/td>\n<td>17.55<\/td>\n<td>18.15<\/td>\n<td>18.25<\/td>\n<\/tr>\n<tr>\n<td><\/td>\n<td><\/td>\n<td><\/td>\n<td><\/td>\n<\/tr>\n<tr>\n<td>Tivoli<\/td>\n<td>Zeppelin<\/td>\n<td>Pekuri, E<\/td>\n<td>Nallikari (Eden)<\/td>\n<\/tr>\n<tr>\n<td><\/td>\n<td><\/td>\n<td><\/td>\n<td><\/td>\n<\/tr>\n<tr>\n<td>15.35<\/td>\n<td>15.45<\/td>\n<td>16.05<\/td>\n<td>16.15<\/td>\n<\/tr>\n<tr>\n<td>17.00<\/td>\n<td>\u00a017.10<\/td>\n<td>17.30<\/td>\n<td>17.40<\/td>\n<\/tr>\n<tr>\n<td>TAUKO<\/td>\n<td><\/td>\n<td><\/td>\n<td><\/td>\n<\/tr>\n<tr>\n<td>19.15<\/td>\n<td>19.25<\/td>\n<td>19.45<\/td>\n<td>19.55<\/td>\n<\/tr>\n<tr>\n<td>20.20<\/td>\n<td>20.30<\/td>\n<td>20.40<\/td>\n<td>20.50<\/td>\n<\/tr>\n<tr>\n<td>21.15<\/td>\n<td>\u00a021.25<\/td>\n<td>\u00a021.45<\/td>\n<td>\u00a021.55<\/td>\n<\/tr>\n<\/tbody>\n<\/table>\n<\/div>\n<div class=\"wp-block-column\" style=\"flex-basis: 33.33%;\">\n<p>&nbsp;<\/p>\n<\/div>\n<\/div>\n<p><!-- \/divi:columns --><\/p>\n<p>[\/et_pb_text][\/et_pb_column][\/et_pb_row][\/et_pb_section]<\/p>\n","protected":false},"excerpt":{"rendered":"<p>Tivolibussi Tivolibussi Saaga Travelin\u00a0 Tivolibussi kuljettaa Suomen Tivolin asiakkaita reitill\u00e4 Nallikari \u2013 Oulun keskusta \u2013 Zeppelin \u2013 Tivoli\u00a0 ajalla 25.5.-17.8.2024. Lippujen hinnat: Yksi suunta 5 \u20ac Meno-paluu 8 \u20ac Perhelippu (4hl\u00f6), suunta 12 \u20ac Perhelippu meno-paluu 20 \u20ac Lis\u00e4lapset\/suunta 2 \u20ac Matkalipun voi ostaa bussista joko kortilla tai k\u00e4teisell\u00e4.\u00a0Lipun voi ostaa my\u00f6s Saaga Travelin Matkakaupasta. [&hellip;]<\/p>\n","protected":false},"author":164,"featured_media":18715,"parent":0,"menu_order":0,"comment_status":"closed","ping_status":"closed","template":"","meta":{"_et_pb_use_builder":"on","_et_pb_old_content":"","_et_gb_content_width":"","footnotes":""},"class_list":["post-18846","page","type-page","status-publish","has-post-thumbnail","hentry"],"yoast_head":"<!-- This site is optimized with the Yoast SEO plugin v25.6 - https:\/\/yoast.com\/wordpress\/plugins\/seo\/ -->\n<title>Tivolibussi - Saaga Travel<\/title>\n<meta name=\"description\" content=\"Saaga Travelin Tivolibussi kuljettaa Tivolin asiakkaita reitill\u00e4 Nallikari \u2013 Oulun keskusta \u2013 Tivoli \u2013 Zeppelin ajalla 27.5.-6.8.2023. Lipun hinta 5 \u20ac\/suunta.\" \/>\n<meta name=\"robots\" content=\"noindex, follow, max-snippet:-1, max-image-preview:large, max-video-preview:-1\" \/>\n<meta property=\"og:locale\" content=\"fi_FI\" \/>\n<meta property=\"og:type\" content=\"article\" \/>\n<meta property=\"og:title\" content=\"Tivolibussi - Saaga Travel\" \/>\n<meta property=\"og:description\" content=\"Saaga Travelin Tivolibussi kuljettaa Tivolin asiakkaita reitill\u00e4 Nallikari \u2013 Oulun keskusta \u2013 Tivoli \u2013 Zeppelin ajalla 27.5.-6.8.2023. Lipun hinta 5 \u20ac\/suunta.\" \/>\n<meta property=\"og:url\" content=\"https:\/\/vanha.saagatravel.fi\/?page_id=18846\" \/>\n<meta property=\"og:site_name\" content=\"Saaga Travel\" \/>\n<meta property=\"article:publisher\" content=\"https:\/\/www.facebook.com\/saagatravel\/\" \/>\n<meta property=\"article:modified_time\" content=\"2024-05-23T14:12:55+00:00\" \/>\n<meta property=\"og:image\" content=\"https:\/\/vanha.saagatravel.fi\/wp-content\/uploads\/2023\/04\/Tivolibussi-sivu-pieni.jpg\" \/>\n\t<meta property=\"og:image:width\" content=\"1211\" \/>\n\t<meta property=\"og:image:height\" content=\"681\" \/>\n\t<meta property=\"og:image:type\" content=\"image\/jpeg\" \/>\n<meta name=\"twitter:card\" content=\"summary_large_image\" \/>\n<meta name=\"twitter:label1\" content=\"Arvioitu lukuaika\" \/>\n\t<meta name=\"twitter:data1\" content=\"1 minuutti\" \/>\n<script type=\"application\/ld+json\" class=\"yoast-schema-graph\">{\"@context\":\"https:\/\/schema.org\",\"@graph\":[{\"@type\":\"WebPage\",\"@id\":\"https:\/\/vanha.saagatravel.fi\/?page_id=18846\",\"url\":\"https:\/\/vanha.saagatravel.fi\/?page_id=18846\",\"name\":\"Tivolibussi - Saaga Travel\",\"isPartOf\":{\"@id\":\"https:\/\/vanha.saagatravel.fi\/#website\"},\"primaryImageOfPage\":{\"@id\":\"https:\/\/vanha.saagatravel.fi\/?page_id=18846#primaryimage\"},\"image\":{\"@id\":\"https:\/\/vanha.saagatravel.fi\/?page_id=18846#primaryimage\"},\"thumbnailUrl\":\"https:\/\/vanha.saagatravel.fi\/wp-content\/uploads\/2023\/04\/Tivolibussi-sivu-pieni.jpg\",\"datePublished\":\"2023-04-28T06:32:59+00:00\",\"dateModified\":\"2024-05-23T14:12:55+00:00\",\"description\":\"Saaga Travelin Tivolibussi kuljettaa Tivolin asiakkaita reitill\u00e4 Nallikari \u2013 Oulun keskusta \u2013 Tivoli \u2013 Zeppelin ajalla 27.5.-6.8.2023. Lipun hinta 5 \u20ac\/suunta.\",\"breadcrumb\":{\"@id\":\"https:\/\/vanha.saagatravel.fi\/?page_id=18846#breadcrumb\"},\"inLanguage\":\"fi\",\"potentialAction\":[{\"@type\":\"ReadAction\",\"target\":[\"https:\/\/vanha.saagatravel.fi\/?page_id=18846\"]}]},{\"@type\":\"ImageObject\",\"inLanguage\":\"fi\",\"@id\":\"https:\/\/vanha.saagatravel.fi\/?page_id=18846#primaryimage\",\"url\":\"https:\/\/vanha.saagatravel.fi\/wp-content\/uploads\/2023\/04\/Tivolibussi-sivu-pieni.jpg\",\"contentUrl\":\"https:\/\/vanha.saagatravel.fi\/wp-content\/uploads\/2023\/04\/Tivolibussi-sivu-pieni.jpg\",\"width\":1211,\"height\":681},{\"@type\":\"BreadcrumbList\",\"@id\":\"https:\/\/vanha.saagatravel.fi\/?page_id=18846#breadcrumb\",\"itemListElement\":[{\"@type\":\"ListItem\",\"position\":1,\"name\":\"Home\",\"item\":\"https:\/\/vanha.saagatravel.fi\/\"},{\"@type\":\"ListItem\",\"position\":2,\"name\":\"Tivolibussi\"}]},{\"@type\":\"WebSite\",\"@id\":\"https:\/\/vanha.saagatravel.fi\/#website\",\"url\":\"https:\/\/vanha.saagatravel.fi\/\",\"name\":\"Saaga Travel\",\"description\":\"Tilausajot ja ryhm\u00e4kuljetukset Oulun seudulla\",\"publisher\":{\"@id\":\"https:\/\/vanha.saagatravel.fi\/#organization\"},\"potentialAction\":[{\"@type\":\"SearchAction\",\"target\":{\"@type\":\"EntryPoint\",\"urlTemplate\":\"https:\/\/vanha.saagatravel.fi\/?s={search_term_string}\"},\"query-input\":{\"@type\":\"PropertyValueSpecification\",\"valueRequired\":true,\"valueName\":\"search_term_string\"}}],\"inLanguage\":\"fi\"},{\"@type\":\"Organization\",\"@id\":\"https:\/\/vanha.saagatravel.fi\/#organization\",\"name\":\"Saaga Travel Oy\",\"url\":\"https:\/\/vanha.saagatravel.fi\/\",\"logo\":{\"@type\":\"ImageObject\",\"inLanguage\":\"fi\",\"@id\":\"https:\/\/vanha.saagatravel.fi\/#\/schema\/logo\/image\/\",\"url\":\"https:\/\/vanha.saagatravel.fi\/wp-content\/uploads\/2019\/07\/saagat.png\",\"contentUrl\":\"https:\/\/vanha.saagatravel.fi\/wp-content\/uploads\/2019\/07\/saagat.png\",\"width\":500,\"height\":200,\"caption\":\"Saaga Travel Oy\"},\"image\":{\"@id\":\"https:\/\/vanha.saagatravel.fi\/#\/schema\/logo\/image\/\"},\"sameAs\":[\"https:\/\/www.facebook.com\/saagatravel\/\"]}]}<\/script>\n<!-- \/ Yoast SEO plugin. -->","yoast_head_json":{"title":"Tivolibussi - Saaga Travel","description":"Saaga Travelin Tivolibussi kuljettaa Tivolin asiakkaita reitill\u00e4 Nallikari \u2013 Oulun keskusta \u2013 Tivoli \u2013 Zeppelin ajalla 27.5.-6.8.2023. Lipun hinta 5 \u20ac\/suunta.","robots":{"index":"noindex","follow":"follow","max-snippet":"max-snippet:-1","max-image-preview":"max-image-preview:large","max-video-preview":"max-video-preview:-1"},"og_locale":"fi_FI","og_type":"article","og_title":"Tivolibussi - Saaga Travel","og_description":"Saaga Travelin Tivolibussi kuljettaa Tivolin asiakkaita reitill\u00e4 Nallikari \u2013 Oulun keskusta \u2013 Tivoli \u2013 Zeppelin ajalla 27.5.-6.8.2023. Lipun hinta 5 \u20ac\/suunta.","og_url":"https:\/\/vanha.saagatravel.fi\/?page_id=18846","og_site_name":"Saaga Travel","article_publisher":"https:\/\/www.facebook.com\/saagatravel\/","article_modified_time":"2024-05-23T14:12:55+00:00","og_image":[{"width":1211,"height":681,"url":"https:\/\/vanha.saagatravel.fi\/wp-content\/uploads\/2023\/04\/Tivolibussi-sivu-pieni.jpg","type":"image\/jpeg"}],"twitter_card":"summary_large_image","twitter_misc":{"Arvioitu lukuaika":"1 minuutti"},"schema":{"@context":"https:\/\/schema.org","@graph":[{"@type":"WebPage","@id":"https:\/\/vanha.saagatravel.fi\/?page_id=18846","url":"https:\/\/vanha.saagatravel.fi\/?page_id=18846","name":"Tivolibussi - Saaga Travel","isPartOf":{"@id":"https:\/\/vanha.saagatravel.fi\/#website"},"primaryImageOfPage":{"@id":"https:\/\/vanha.saagatravel.fi\/?page_id=18846#primaryimage"},"image":{"@id":"https:\/\/vanha.saagatravel.fi\/?page_id=18846#primaryimage"},"thumbnailUrl":"https:\/\/vanha.saagatravel.fi\/wp-content\/uploads\/2023\/04\/Tivolibussi-sivu-pieni.jpg","datePublished":"2023-04-28T06:32:59+00:00","dateModified":"2024-05-23T14:12:55+00:00","description":"Saaga Travelin Tivolibussi kuljettaa Tivolin asiakkaita reitill\u00e4 Nallikari \u2013 Oulun keskusta \u2013 Tivoli \u2013 Zeppelin ajalla 27.5.-6.8.2023. Lipun hinta 5 \u20ac\/suunta.","breadcrumb":{"@id":"https:\/\/vanha.saagatravel.fi\/?page_id=18846#breadcrumb"},"inLanguage":"fi","potentialAction":[{"@type":"ReadAction","target":["https:\/\/vanha.saagatravel.fi\/?page_id=18846"]}]},{"@type":"ImageObject","inLanguage":"fi","@id":"https:\/\/vanha.saagatravel.fi\/?page_id=18846#primaryimage","url":"https:\/\/vanha.saagatravel.fi\/wp-content\/uploads\/2023\/04\/Tivolibussi-sivu-pieni.jpg","contentUrl":"https:\/\/vanha.saagatravel.fi\/wp-content\/uploads\/2023\/04\/Tivolibussi-sivu-pieni.jpg","width":1211,"height":681},{"@type":"BreadcrumbList","@id":"https:\/\/vanha.saagatravel.fi\/?page_id=18846#breadcrumb","itemListElement":[{"@type":"ListItem","position":1,"name":"Home","item":"https:\/\/vanha.saagatravel.fi\/"},{"@type":"ListItem","position":2,"name":"Tivolibussi"}]},{"@type":"WebSite","@id":"https:\/\/vanha.saagatravel.fi\/#website","url":"https:\/\/vanha.saagatravel.fi\/","name":"Saaga Travel","description":"Tilausajot ja ryhm\u00e4kuljetukset Oulun seudulla","publisher":{"@id":"https:\/\/vanha.saagatravel.fi\/#organization"},"potentialAction":[{"@type":"SearchAction","target":{"@type":"EntryPoint","urlTemplate":"https:\/\/vanha.saagatravel.fi\/?s={search_term_string}"},"query-input":{"@type":"PropertyValueSpecification","valueRequired":true,"valueName":"search_term_string"}}],"inLanguage":"fi"},{"@type":"Organization","@id":"https:\/\/vanha.saagatravel.fi\/#organization","name":"Saaga Travel Oy","url":"https:\/\/vanha.saagatravel.fi\/","logo":{"@type":"ImageObject","inLanguage":"fi","@id":"https:\/\/vanha.saagatravel.fi\/#\/schema\/logo\/image\/","url":"https:\/\/vanha.saagatravel.fi\/wp-content\/uploads\/2019\/07\/saagat.png","contentUrl":"https:\/\/vanha.saagatravel.fi\/wp-content\/uploads\/2019\/07\/saagat.png","width":500,"height":200,"caption":"Saaga Travel Oy"},"image":{"@id":"https:\/\/vanha.saagatravel.fi\/#\/schema\/logo\/image\/"},"sameAs":["https:\/\/www.facebook.com\/saagatravel\/"]}]}},"_links":{"self":[{"href":"https:\/\/vanha.saagatravel.fi\/index.php?rest_route=\/wp\/v2\/pages\/18846"}],"collection":[{"href":"https:\/\/vanha.saagatravel.fi\/index.php?rest_route=\/wp\/v2\/pages"}],"about":[{"href":"https:\/\/vanha.saagatravel.fi\/index.php?rest_route=\/wp\/v2\/types\/page"}],"author":[{"embeddable":true,"href":"https:\/\/vanha.saagatravel.fi\/index.php?rest_route=\/wp\/v2\/users\/164"}],"replies":[{"embeddable":true,"href":"https:\/\/vanha.saagatravel.fi\/index.php?rest_route=%2Fwp%2Fv2%2Fcomments&post=18846"}],"version-history":[{"count":30,"href":"https:\/\/vanha.saagatravel.fi\/index.php?rest_route=\/wp\/v2\/pages\/18846\/revisions"}],"predecessor-version":[{"id":27864,"href":"https:\/\/vanha.saagatravel.fi\/index.php?rest_route=\/wp\/v2\/pages\/18846\/revisions\/27864"}],"wp:featuredmedia":[{"embeddable":true,"href":"https:\/\/vanha.saagatravel.fi\/index.php?rest_route=\/wp\/v2\/media\/18715"}],"wp:attachment":[{"href":"https:\/\/vanha.saagatravel.fi\/index.php?rest_route=%2Fwp%2Fv2%2Fmedia&parent=18846"}],"curies":[{"name":"wp","href":"https:\/\/api.w.org\/{rel}","templated":true}]}}